{"id":2641,"date":"2022-05-29T11:09:06","date_gmt":"2022-05-29T10:09:06","guid":{"rendered":"https:\/\/texell.rs\/?page_id=2641"},"modified":"2022-12-17T02:43:33","modified_gmt":"2022-12-17T01:43:33","slug":"texell-prica","status":"publish","type":"page","link":"https:\/\/texell.rs\/en\/texell-prica\/","title":{"rendered":"Texell Story"},"content":{"rendered":"<div data-elementor-type=\"wp-page\" data-elementor-id=\"2641\" class=\"elementor elementor-2641\" data-elementor-post-type=\"page\">\n\t\t\t\t\t\t<section class=\"elementor-section elementor-top-section elementor-element elementor-element-5d0a643 elementor-section-height-min-height elementor-section-boxed elementor-section-height-default elementor-section-items-middle\" data-id=\"5d0a643\" data-element_type=\"section\" data-settings=\"{&quot;background_background&quot;:&quot;classic&quot;}\">\n\t\t\t\t\t\t\t<div class=\"elementor-background-overlay\"><\/div>\n\t\t\t\t\t\t\t<div class=\"elementor-container elementor-column-gap-no\">\n\t\t\t\t\t<div class=\"elementor-column elementor-col-100 elementor-top-column elementor-element elementor-element-0b7930e\" data-id=\"0b7930e\" data-element_type=\"column\">\n\t\t\t<div class=\"elementor-widget-wrap elementor-element-populated\">\n\t\t\t\t\t\t<div class=\"elementor-element elementor-element-4c41fa6 elementor-widget elementor-widget-heading\" data-id=\"4c41fa6\" data-element_type=\"widget\" data-settings=\"{&quot;ekit_we_effect_on&quot;:&quot;none&quot;}\" data-widget_type=\"heading.default\">\n\t\t\t\t<div class=\"elementor-widget-container\">\n\t\t\t\t\t<h2 class=\"elementor-heading-title elementor-size-default\">Home`s<br>favourite<\/h2>\t\t\t\t<\/div>\n\t\t\t\t<\/div>\n\t\t\t\t\t<\/div>\n\t\t<\/div>\n\t\t\t\t\t<\/div>\n\t\t<\/section>\n\t\t\t\t<section class=\"elementor-section elementor-top-section elementor-element elementor-element-8c16896 elementor-section-full_width elementor-section-height-default elementor-section-height-default\" data-id=\"8c16896\" data-element_type=\"section\">\n\t\t\t\t\t\t<div class=\"elementor-container elementor-column-gap-default\">\n\t\t\t\t\t<div class=\"elementor-column elementor-col-100 elementor-top-column elementor-element elementor-element-97004a8\" data-id=\"97004a8\" data-element_type=\"column\" data-settings=\"{&quot;background_background&quot;:&quot;classic&quot;}\">\n\t\t\t<div class=\"elementor-widget-wrap elementor-element-populated\">\n\t\t\t\t\t\t<section class=\"elementor-section elementor-inner-section elementor-element elementor-element-95028c0 elementor-section-boxed elementor-section-height-default elementor-section-height-default\" data-id=\"95028c0\" data-element_type=\"section\">\n\t\t\t\t\t\t<div class=\"elementor-container elementor-column-gap-default\">\n\t\t\t\t\t<div class=\"elementor-column elementor-col-50 elementor-inner-column elementor-element elementor-element-eac8f9e\" data-id=\"eac8f9e\" data-element_type=\"column\">\n\t\t\t<div class=\"elementor-widget-wrap elementor-element-populated\">\n\t\t\t\t\t\t<div class=\"elementor-element elementor-element-c5a15e8 animated-slow elementor-invisible elementor-widget elementor-widget-heading\" data-id=\"c5a15e8\" data-element_type=\"widget\" data-settings=\"{&quot;_animation&quot;:&quot;fadeInLeft&quot;,&quot;ekit_we_effect_on&quot;:&quot;none&quot;}\" data-widget_type=\"heading.default\">\n\t\t\t\t<div class=\"elementor-widget-container\">\n\t\t\t\t\t<h2 class=\"elementor-heading-title elementor-size-default\">TEXELL STORY<\/h2>\t\t\t\t<\/div>\n\t\t\t\t<\/div>\n\t\t\t\t\t<\/div>\n\t\t<\/div>\n\t\t\t\t<div class=\"elementor-column elementor-col-50 elementor-inner-column elementor-element elementor-element-11b4a95\" data-id=\"11b4a95\" data-element_type=\"column\">\n\t\t\t<div class=\"elementor-widget-wrap elementor-element-populated\">\n\t\t\t\t\t\t<div class=\"elementor-element elementor-element-a84152c animated-slow elementor-invisible elementor-widget elementor-widget-text-editor\" data-id=\"a84152c\" data-element_type=\"widget\" data-settings=\"{&quot;_animation&quot;:&quot;fadeInRight&quot;,&quot;_animation_delay&quot;:200,&quot;ekit_we_effect_on&quot;:&quot;none&quot;}\" data-widget_type=\"text-editor.default\">\n\t\t\t\t<div class=\"elementor-widget-container\">\n\t\t\t\t\t\t\t\t\t<p>Story of our brand beguines at the beginning of year 2011, when we came up with an idea to create the line of products which will, with its characteristics, raise above the existing offer in the market.<\/p><p>From that moment up to now, we dedicatedly work on research, creation and distribution of the products under our brand name Texell, with only one goal to become a market leader through the satisfaction of our customers.<\/p>\t\t\t\t\t\t\t\t<\/div>\n\t\t\t\t<\/div>\n\t\t\t\t<div class=\"elementor-element elementor-element-20a2f1f animated-slow elementor-hidden-desktop elementor-hidden-laptop elementor-hidden-tablet elementor-invisible elementor-widget elementor-widget-image\" data-id=\"20a2f1f\" data-element_type=\"widget\" data-settings=\"{&quot;_animation&quot;:&quot;fadeIn&quot;,&quot;_animation_delay&quot;:400,&quot;ekit_we_effect_on&quot;:&quot;none&quot;}\" data-widget_type=\"image.default\">\n\t\t\t\t<div class=\"elementor-widget-container\">\n\t\t\t\t\t\t\t\t\t\t\t\t\t\t\t<img fetchpriority=\"high\" decoding=\"async\" width=\"5927\" height=\"2964\" src=\"https:\/\/texell.rs\/wp-content\/uploads\/2022\/05\/5-Texell-Prica-Desktop-1-02.png\" class=\"attachment-full size-full wp-image-2655\" alt=\"\" srcset=\"https:\/\/texell.rs\/wp-content\/uploads\/2022\/05\/5-Texell-Prica-Desktop-1-02.png 5927w, https:\/\/texell.rs\/wp-content\/uploads\/2022\/05\/5-Texell-Prica-Desktop-1-02-300x150.png 300w, https:\/\/texell.rs\/wp-content\/uploads\/2022\/05\/5-Texell-Prica-Desktop-1-02-1024x512.png 1024w, https:\/\/texell.rs\/wp-content\/uploads\/2022\/05\/5-Texell-Prica-Desktop-1-02-768x384.png 768w, https:\/\/texell.rs\/wp-content\/uploads\/2022\/05\/5-Texell-Prica-Desktop-1-02-1536x768.png 1536w, https:\/\/texell.rs\/wp-content\/uploads\/2022\/05\/5-Texell-Prica-Desktop-1-02-2048x1024.png 2048w, https:\/\/texell.rs\/wp-content\/uploads\/2022\/05\/5-Texell-Prica-Desktop-1-02-600x300.png 600w\" sizes=\"(max-width: 5927px) 100vw, 5927px\" \/>\t\t\t\t\t\t\t\t\t\t\t\t\t\t\t<\/div>\n\t\t\t\t<\/div>\n\t\t\t\t\t<\/div>\n\t\t<\/div>\n\t\t\t\t\t<\/div>\n\t\t<\/section>\n\t\t\t\t<section class=\"elementor-section elementor-inner-section elementor-element elementor-element-a10bec7 elementor-hidden-mobile elementor-section-boxed elementor-section-height-default elementor-section-height-default\" data-id=\"a10bec7\" data-element_type=\"section\">\n\t\t\t\t\t\t<div class=\"elementor-container elementor-column-gap-default\">\n\t\t\t\t\t<div class=\"elementor-column elementor-col-100 elementor-inner-column elementor-element elementor-element-db7d017\" data-id=\"db7d017\" data-element_type=\"column\">\n\t\t\t<div class=\"elementor-widget-wrap elementor-element-populated\">\n\t\t\t\t\t\t<div class=\"elementor-element elementor-element-4911c99 animated-slow elementor-invisible elementor-widget elementor-widget-image\" data-id=\"4911c99\" data-element_type=\"widget\" data-settings=\"{&quot;_animation&quot;:&quot;fadeIn&quot;,&quot;_animation_delay&quot;:400,&quot;ekit_we_effect_on&quot;:&quot;none&quot;}\" data-widget_type=\"image.default\">\n\t\t\t\t<div class=\"elementor-widget-container\">\n\t\t\t\t\t\t\t\t\t\t\t\t\t\t\t<img fetchpriority=\"high\" decoding=\"async\" width=\"5927\" height=\"2964\" src=\"https:\/\/texell.rs\/wp-content\/uploads\/2022\/05\/5-Texell-Prica-Desktop-1-02.png\" class=\"attachment-full size-full wp-image-2655\" alt=\"\" srcset=\"https:\/\/texell.rs\/wp-content\/uploads\/2022\/05\/5-Texell-Prica-Desktop-1-02.png 5927w, https:\/\/texell.rs\/wp-content\/uploads\/2022\/05\/5-Texell-Prica-Desktop-1-02-300x150.png 300w, https:\/\/texell.rs\/wp-content\/uploads\/2022\/05\/5-Texell-Prica-Desktop-1-02-1024x512.png 1024w, https:\/\/texell.rs\/wp-content\/uploads\/2022\/05\/5-Texell-Prica-Desktop-1-02-768x384.png 768w, https:\/\/texell.rs\/wp-content\/uploads\/2022\/05\/5-Texell-Prica-Desktop-1-02-1536x768.png 1536w, https:\/\/texell.rs\/wp-content\/uploads\/2022\/05\/5-Texell-Prica-Desktop-1-02-2048x1024.png 2048w, https:\/\/texell.rs\/wp-content\/uploads\/2022\/05\/5-Texell-Prica-Desktop-1-02-600x300.png 600w\" sizes=\"(max-width: 5927px) 100vw, 5927px\" \/>\t\t\t\t\t\t\t\t\t\t\t\t\t\t\t<\/div>\n\t\t\t\t<\/div>\n\t\t\t\t\t<\/div>\n\t\t<\/div>\n\t\t\t\t\t<\/div>\n\t\t<\/section>\n\t\t\t\t\t<\/div>\n\t\t<\/div>\n\t\t\t\t\t<\/div>\n\t\t<\/section>\n\t\t\t\t<section class=\"elementor-section elementor-top-section elementor-element elementor-element-c63ac70 elementor-section-boxed elementor-section-height-default elementor-section-height-default\" data-id=\"c63ac70\" data-element_type=\"section\" data-settings=\"{&quot;background_background&quot;:&quot;classic&quot;}\">\n\t\t\t\t\t\t<div class=\"elementor-container elementor-column-gap-default\">\n\t\t\t\t\t<div class=\"elementor-column elementor-col-100 elementor-top-column elementor-element elementor-element-10b9ac7\" data-id=\"10b9ac7\" data-element_type=\"column\">\n\t\t\t<div class=\"elementor-widget-wrap elementor-element-populated\">\n\t\t\t\t\t\t<section class=\"elementor-section elementor-inner-section elementor-element elementor-element-b136682 elementor-section-boxed elementor-section-height-default elementor-section-height-default\" data-id=\"b136682\" data-element_type=\"section\">\n\t\t\t\t\t\t<div class=\"elementor-container elementor-column-gap-no\">\n\t\t\t\t\t<div class=\"elementor-column elementor-col-50 elementor-inner-column elementor-element elementor-element-ef0ca56\" data-id=\"ef0ca56\" data-element_type=\"column\">\n\t\t\t<div class=\"elementor-widget-wrap elementor-element-populated\">\n\t\t\t\t\t\t<div class=\"elementor-element elementor-element-4a70159 animated-slow elementor-invisible elementor-widget elementor-widget-heading\" data-id=\"4a70159\" data-element_type=\"widget\" data-settings=\"{&quot;_animation&quot;:&quot;fadeInLeft&quot;,&quot;ekit_we_effect_on&quot;:&quot;none&quot;}\" data-widget_type=\"heading.default\">\n\t\t\t\t<div class=\"elementor-widget-container\">\n\t\t\t\t\t<h2 class=\"elementor-heading-title elementor-size-default\">ABOUT COMPANY<\/h2>\t\t\t\t<\/div>\n\t\t\t\t<\/div>\n\t\t\t\t<div class=\"elementor-element elementor-element-26e23d6 animated-slow elementor-invisible elementor-widget elementor-widget-text-editor\" data-id=\"26e23d6\" data-element_type=\"widget\" data-settings=\"{&quot;_animation&quot;:&quot;fadeInLeft&quot;,&quot;_animation_delay&quot;:200,&quot;ekit_we_effect_on&quot;:&quot;none&quot;}\" data-widget_type=\"text-editor.default\">\n\t\t\t\t<div class=\"elementor-widget-container\">\n\t\t\t\t\t\t\t\t\t<p>CTC-UNIT d.o.o. je kompanija sa dugogodi\u0161njim iskustvom u spoljnoj i unutra\u0161njoj trgovini, uvoznik i distributer svetski poznatih brendova za tr\u017ei\u0161te Srbije: Clatronic, Profi care, Profi cook, Philips, Kumtel, Luxell, Silk&#8217;n, Bormioli Rocco, Tefai, Krios i, naravno, Texell.<\/p>\t\t\t\t\t\t\t\t<\/div>\n\t\t\t\t<\/div>\n\t\t\t\t<div class=\"elementor-element elementor-element-cbef180 animated-slow elementor-invisible elementor-widget elementor-widget-image\" data-id=\"cbef180\" data-element_type=\"widget\" data-settings=\"{&quot;_animation&quot;:&quot;fadeInUp&quot;,&quot;_animation_delay&quot;:200,&quot;ekit_we_effect_on&quot;:&quot;none&quot;}\" data-widget_type=\"image.default\">\n\t\t\t\t<div class=\"elementor-widget-container\">\n\t\t\t\t\t\t\t\t\t\t\t\t\t\t\t<img decoding=\"async\" width=\"300\" height=\"300\" src=\"https:\/\/texell.rs\/wp-content\/uploads\/2022\/05\/TEXELL-BOROVNICE.fw--300x300.png\" class=\"attachment-medium size-medium wp-image-2675\" alt=\"\" srcset=\"https:\/\/texell.rs\/wp-content\/uploads\/2022\/05\/TEXELL-BOROVNICE.fw--300x300.png 300w, https:\/\/texell.rs\/wp-content\/uploads\/2022\/05\/TEXELL-BOROVNICE.fw--100x100.png 100w, https:\/\/texell.rs\/wp-content\/uploads\/2022\/05\/TEXELL-BOROVNICE.fw--768x771.png 768w, https:\/\/texell.rs\/wp-content\/uploads\/2022\/05\/TEXELL-BOROVNICE.fw--600x602.png 600w, https:\/\/texell.rs\/wp-content\/uploads\/2022\/05\/TEXELL-BOROVNICE.fw-.png 831w\" sizes=\"(max-width: 300px) 100vw, 300px\" \/>\t\t\t\t\t\t\t\t\t\t\t\t\t\t\t<\/div>\n\t\t\t\t<\/div>\n\t\t\t\t\t<\/div>\n\t\t<\/div>\n\t\t\t\t<div class=\"elementor-column elementor-col-50 elementor-inner-column elementor-element elementor-element-3c961aa\" data-id=\"3c961aa\" data-element_type=\"column\">\n\t\t\t<div class=\"elementor-widget-wrap\">\n\t\t\t\t\t\t\t<\/div>\n\t\t<\/div>\n\t\t\t\t\t<\/div>\n\t\t<\/section>\n\t\t\t\t<section class=\"elementor-section elementor-inner-section elementor-element elementor-element-bc7d418 elementor-section-boxed elementor-section-height-default elementor-section-height-default\" data-id=\"bc7d418\" data-element_type=\"section\">\n\t\t\t\t\t\t<div class=\"elementor-container elementor-column-gap-no\">\n\t\t\t\t\t<div class=\"elementor-column elementor-col-50 elementor-inner-column elementor-element elementor-element-7ff8e75\" data-id=\"7ff8e75\" data-element_type=\"column\">\n\t\t\t<div class=\"elementor-widget-wrap elementor-element-populated\">\n\t\t\t\t\t\t<div class=\"elementor-element elementor-element-21f8708 elementor-invisible elementor-widget elementor-widget-image\" data-id=\"21f8708\" data-element_type=\"widget\" data-settings=\"{&quot;_animation&quot;:&quot;fadeInDown&quot;,&quot;ekit_we_effect_on&quot;:&quot;none&quot;}\" data-widget_type=\"image.default\">\n\t\t\t\t<div class=\"elementor-widget-container\">\n\t\t\t\t\t\t\t\t\t\t\t\t\t\t\t<img decoding=\"async\" width=\"768\" height=\"1039\" src=\"https:\/\/texell.rs\/wp-content\/uploads\/2022\/05\/5-Texell-Prica-Desktop-1-04-768x1039.png\" class=\"attachment-medium_large size-medium_large wp-image-2657\" alt=\"\" srcset=\"https:\/\/texell.rs\/wp-content\/uploads\/2022\/05\/5-Texell-Prica-Desktop-1-04-768x1039.png 768w, https:\/\/texell.rs\/wp-content\/uploads\/2022\/05\/5-Texell-Prica-Desktop-1-04-222x300.png 222w, https:\/\/texell.rs\/wp-content\/uploads\/2022\/05\/5-Texell-Prica-Desktop-1-04-757x1024.png 757w, https:\/\/texell.rs\/wp-content\/uploads\/2022\/05\/5-Texell-Prica-Desktop-1-04-1135x1536.png 1135w, https:\/\/texell.rs\/wp-content\/uploads\/2022\/05\/5-Texell-Prica-Desktop-1-04-1513x2048.png 1513w, https:\/\/texell.rs\/wp-content\/uploads\/2022\/05\/5-Texell-Prica-Desktop-1-04-600x812.png 600w\" sizes=\"(max-width: 768px) 100vw, 768px\" \/>\t\t\t\t\t\t\t\t\t\t\t\t\t\t\t<\/div>\n\t\t\t\t<\/div>\n\t\t\t\t\t<\/div>\n\t\t<\/div>\n\t\t\t\t<div class=\"elementor-column elementor-col-50 elementor-inner-column elementor-element elementor-element-6398868\" data-id=\"6398868\" data-element_type=\"column\">\n\t\t\t<div class=\"elementor-widget-wrap elementor-element-populated\">\n\t\t\t\t\t\t<div class=\"elementor-element elementor-element-97d973c animated-slow elementor-invisible elementor-widget elementor-widget-text-editor\" data-id=\"97d973c\" data-element_type=\"widget\" data-settings=\"{&quot;_animation&quot;:&quot;fadeInRight&quot;,&quot;_animation_delay&quot;:300,&quot;ekit_we_effect_on&quot;:&quot;none&quot;}\" data-widget_type=\"text-editor.default\">\n\t\t\t\t<div class=\"elementor-widget-container\">\n\t\t\t\t\t\t\t\t\t<p>The company appreciates the values of teamwork, long-term cooperation with partners, professionalism, quality service and following trends. \nChannels for product placement and sales are supermarkets, hypermarkets, traditional stores, specialized stores, online platforms.<\/p><p>In addition to more than 700 customers in Serbia, the company place its products to the markets of Croatia, Bosnia and Herzegovina, Macedonia, Greece, and Montenegro.<\/p><p>Our team of 80 people, works hard every day to ensure that we stay there.<\/p>\t\t\t\t\t\t\t\t<\/div>\n\t\t\t\t<\/div>\n\t\t\t\t\t<\/div>\n\t\t<\/div>\n\t\t\t\t\t<\/div>\n\t\t<\/section>\n\t\t\t\t\t<\/div>\n\t\t<\/div>\n\t\t\t\t\t<\/div>\n\t\t<\/section>\n\t\t\t\t<section class=\"elementor-section elementor-top-section elementor-element elementor-element-0af04f2 elementor-section-content-middle elementor-section-boxed elementor-section-height-default elementor-section-height-default\" data-id=\"0af04f2\" data-element_type=\"section\" data-settings=\"{&quot;background_background&quot;:&quot;classic&quot;,&quot;shape_divider_top&quot;:&quot;curve-asymmetrical&quot;,&quot;shape_divider_top_negative&quot;:&quot;yes&quot;}\">\n\t\t\t\t\t<div class=\"elementor-shape elementor-shape-top\" aria-hidden=\"true\" data-negative=\"true\">\n\t\t\t<svg xmlns=\"http:\/\/www.w3.org\/2000\/svg\" viewbox=\"0 0 1000 100\" preserveaspectratio=\"none\">\n\t<path class=\"elementor-shape-fill\" d=\"M615.2,96.7C240.2,97.8,0,18.9,0,0v100h1000V0C1000,19.2,989.8,96,615.2,96.7z\"\/>\n<\/svg>\t\t<\/div>\n\t\t\t\t\t<div class=\"elementor-container elementor-column-gap-default\">\n\t\t\t\t\t<div class=\"elementor-column elementor-col-50 elementor-top-column elementor-element elementor-element-8172941\" data-id=\"8172941\" data-element_type=\"column\">\n\t\t\t<div class=\"elementor-widget-wrap elementor-element-populated\">\n\t\t\t\t\t\t<div class=\"elementor-element elementor-element-b06cd25 animated-slow elementor-invisible elementor-widget elementor-widget-heading\" data-id=\"b06cd25\" data-element_type=\"widget\" data-settings=\"{&quot;_animation&quot;:&quot;fadeInLeft&quot;,&quot;ekit_we_effect_on&quot;:&quot;none&quot;}\" data-widget_type=\"heading.default\">\n\t\t\t\t<div class=\"elementor-widget-container\">\n\t\t\t\t\t<h2 class=\"elementor-heading-title elementor-size-default\">AND BEYOUND<\/h2>\t\t\t\t<\/div>\n\t\t\t\t<\/div>\n\t\t\t\t<div class=\"elementor-element elementor-element-1c04aa4 animated-slow elementor-invisible elementor-widget elementor-widget-text-editor\" data-id=\"1c04aa4\" data-element_type=\"widget\" data-settings=\"{&quot;_animation&quot;:&quot;fadeInLeft&quot;,&quot;_animation_delay&quot;:200,&quot;ekit_we_effect_on&quot;:&quot;none&quot;}\" data-widget_type=\"text-editor.default\">\n\t\t\t\t<div class=\"elementor-widget-container\">\n\t\t\t\t\t\t\t\t\t<p>Since theyear of 2010, we cover the Slovenian market through our daughter company CTC-UNIT d.o.o., where we have applied the same business principles like in Serbia.\u00a0<\/p><p>Today, CTC-UNIT d.o.o. Slovenia is a respectable company which cooperates with all important customers on that market.<\/p>\t\t\t\t\t\t\t\t<\/div>\n\t\t\t\t<\/div>\n\t\t\t\t\t<\/div>\n\t\t<\/div>\n\t\t\t\t<div class=\"elementor-column elementor-col-50 elementor-top-column elementor-element elementor-element-aac9e77\" data-id=\"aac9e77\" data-element_type=\"column\">\n\t\t\t<div class=\"elementor-widget-wrap elementor-element-populated\">\n\t\t\t\t\t\t<div class=\"elementor-element elementor-element-efb6ed4 animated-slow elementor-invisible elementor-widget elementor-widget-image\" data-id=\"efb6ed4\" data-element_type=\"widget\" data-settings=\"{&quot;_animation&quot;:&quot;fadeInUp&quot;,&quot;_animation_delay&quot;:200,&quot;ekit_we_effect_on&quot;:&quot;none&quot;}\" data-widget_type=\"image.default\">\n\t\t\t\t<div class=\"elementor-widget-container\">\n\t\t\t\t\t\t\t\t\t\t\t\t\t\t\t<img loading=\"lazy\" decoding=\"async\" width=\"800\" height=\"738\" src=\"https:\/\/texell.rs\/wp-content\/uploads\/2022\/05\/5-Texell-Prica-Desktop-1-05-1024x944.png\" class=\"attachment-large size-large wp-image-2690\" alt=\"\" srcset=\"https:\/\/texell.rs\/wp-content\/uploads\/2022\/05\/5-Texell-Prica-Desktop-1-05-1024x944.png 1024w, https:\/\/texell.rs\/wp-content\/uploads\/2022\/05\/5-Texell-Prica-Desktop-1-05-300x276.png 300w, https:\/\/texell.rs\/wp-content\/uploads\/2022\/05\/5-Texell-Prica-Desktop-1-05-768x708.png 768w, https:\/\/texell.rs\/wp-content\/uploads\/2022\/05\/5-Texell-Prica-Desktop-1-05-1536x1416.png 1536w, https:\/\/texell.rs\/wp-content\/uploads\/2022\/05\/5-Texell-Prica-Desktop-1-05-2048x1887.png 2048w, https:\/\/texell.rs\/wp-content\/uploads\/2022\/05\/5-Texell-Prica-Desktop-1-05-600x553.png 600w\" sizes=\"(max-width: 800px) 100vw, 800px\" \/>\t\t\t\t\t\t\t\t\t\t\t\t\t\t\t<\/div>\n\t\t\t\t<\/div>\n\t\t\t\t\t<\/div>\n\t\t<\/div>\n\t\t\t\t\t<\/div>\n\t\t<\/section>\n\t\t\t\t<\/div>","protected":false},"excerpt":{"rendered":"<p>Home`sfavourite TEXELL PRI\u010cA Pri\u010da o brendu po\u010dinje po\u010detkom 2011 godine, kada smo do\u0161li na ideju da stvorimo liniju proizvoda koja \u0107e se svojim karakteristikama izdvojiti iz postoje\u0107e ponude. Od tog trenutka pa do sada, posve\u0107eno radimo na istra\u017eivanju, kreiranju, razvoju i distribuciji proizvoda pod robnom markom Texell, sa ciljem da kroz zadovoljstvo na\u0161ih kupaca postanemo [&hellip;]<\/p>\n","protected":false},"author":1,"featured_media":0,"parent":0,"menu_order":0,"comment_status":"closed","ping_status":"closed","template":"","meta":{"footnotes":""},"class_list":["post-2641","page","type-page","status-publish","hentry"],"_hostinger_reach_plugin_has_subscription_block":false,"_hostinger_reach_plugin_is_elementor":false,"_links":{"self":[{"href":"https:\/\/texell.rs\/en\/wp-json\/wp\/v2\/pages\/2641","targetHints":{"allow":["GET"]}}],"collection":[{"href":"https:\/\/texell.rs\/en\/wp-json\/wp\/v2\/pages"}],"about":[{"href":"https:\/\/texell.rs\/en\/wp-json\/wp\/v2\/types\/page"}],"author":[{"embeddable":true,"href":"https:\/\/texell.rs\/en\/wp-json\/wp\/v2\/users\/1"}],"replies":[{"embeddable":true,"href":"https:\/\/texell.rs\/en\/wp-json\/wp\/v2\/comments?post=2641"}],"version-history":[{"count":79,"href":"https:\/\/texell.rs\/en\/wp-json\/wp\/v2\/pages\/2641\/revisions"}],"predecessor-version":[{"id":3609,"href":"https:\/\/texell.rs\/en\/wp-json\/wp\/v2\/pages\/2641\/revisions\/3609"}],"wp:attachment":[{"href":"https:\/\/texell.rs\/en\/wp-json\/wp\/v2\/media?parent=2641"}],"curies":[{"name":"wp","href":"https:\/\/api.w.org\/{rel}","templated":true}]}}