{"id":1248,"date":"2022-03-08T18:08:35","date_gmt":"2022-03-08T17:08:35","guid":{"rendered":"https:\/\/texell.rs\/proizvod\/rende-classic-m-texell-tr-m142\/"},"modified":"2022-03-08T18:08:37","modified_gmt":"2022-03-08T17:08:37","slug":"rende-classic-m-texell-tr-m142","status":"publish","type":"product","link":"https:\/\/texell.rs\/en\/proizvod\/rende-classic-m-texell-tr-m142\/","title":{"rendered":"Grater Classic M Texell TR-M142"},"content":{"rendered":"<p>\u2022 Dimensions: 10,6\u00d78,1\u00d722,5cm<br \/>\n\u2022 Material: Stainless steel<\/p>","protected":false},"excerpt":{"rendered":"<p>\u2022 Dimenzije: 9.1\u00d76.6\u00d720.5cm \u2022 Materijal: ner\u0111aju\u0107i \u010delik<\/p>","protected":false},"featured_media":1115,"template":"","meta":[],"product_brand":[],"product_cat":[21,22,23,59],"product_tag":[],"class_list":{"0":"post-1248","1":"product","2":"type-product","3":"status-publish","4":"has-post-thumbnail","6":"product_cat-kuhinja","7":"product_cat-kuhinjski-pribor","8":"product_cat-priprema-i-serviranje","9":"product_cat-rende","11":"first","12":"instock","13":"product-type-simple"},"_links":{"self":[{"href":"https:\/\/texell.rs\/en\/wp-json\/wp\/v2\/product\/1248","targetHints":{"allow":["GET"]}}],"collection":[{"href":"https:\/\/texell.rs\/en\/wp-json\/wp\/v2\/product"}],"about":[{"href":"https:\/\/texell.rs\/en\/wp-json\/wp\/v2\/types\/product"}],"wp:featuredmedia":[{"embeddable":true,"href":"https:\/\/texell.rs\/en\/wp-json\/wp\/v2\/media\/1115"}],"wp:attachment":[{"href":"https:\/\/texell.rs\/en\/wp-json\/wp\/v2\/media?parent=1248"}],"wp:term":[{"taxonomy":"product_brand","embeddable":true,"href":"https:\/\/texell.rs\/en\/wp-json\/wp\/v2\/product_brand?post=1248"},{"taxonomy":"product_cat","embeddable":true,"href":"https:\/\/texell.rs\/en\/wp-json\/wp\/v2\/product_cat?post=1248"},{"taxonomy":"product_tag","embeddable":true,"href":"https:\/\/texell.rs\/en\/wp-json\/wp\/v2\/product_tag?post=1248"}],"curies":[{"name":"wp","href":"https:\/\/api.w.org\/{rel}","templated":true}]}}