{"id":1249,"date":"2022-03-08T18:08:35","date_gmt":"2022-03-08T17:08:35","guid":{"rendered":"https:\/\/texell.rs\/proizvod\/rende-black-m-texell-tr-b143\/"},"modified":"2022-07-21T00:41:29","modified_gmt":"2022-07-20T23:41:29","slug":"rende-black-m-texell-tr-b143","status":"publish","type":"product","link":"https:\/\/texell.rs\/en\/proizvod\/rende-black-m-texell-tr-b143\/","title":{"rendered":"Grater Black M Texell TR-B143"},"content":{"rendered":"<p>\u2022 Dimensions: 10,6\u00d78,1\u00d722,5cm<br \/>\n\u2022 Material: stainless steel with non-stick coating \n\u2022 Handle: ABS plastic<\/p>","protected":false},"excerpt":{"rendered":"<p>\u2022 Dimenzije: 10.6\u00d78.1\u00d722.5cm \u2022 Materijal: ner\u0111aju\u0107i \u010delik presvu\u010den nelepljivim premazom, dr\u0161ka od ABS plastike<\/p>","protected":false},"featured_media":3230,"template":"","meta":[],"product_brand":[],"product_cat":[21,22,23,59],"product_tag":[],"class_list":{"0":"post-1249","1":"product","2":"type-product","3":"status-publish","4":"has-post-thumbnail","6":"product_cat-kuhinja","7":"product_cat-kuhinjski-pribor","8":"product_cat-priprema-i-serviranje","9":"product_cat-rende","11":"first","12":"instock","13":"product-type-simple"},"_links":{"self":[{"href":"https:\/\/texell.rs\/en\/wp-json\/wp\/v2\/product\/1249","targetHints":{"allow":["GET"]}}],"collection":[{"href":"https:\/\/texell.rs\/en\/wp-json\/wp\/v2\/product"}],"about":[{"href":"https:\/\/texell.rs\/en\/wp-json\/wp\/v2\/types\/product"}],"wp:featuredmedia":[{"embeddable":true,"href":"https:\/\/texell.rs\/en\/wp-json\/wp\/v2\/media\/3230"}],"wp:attachment":[{"href":"https:\/\/texell.rs\/en\/wp-json\/wp\/v2\/media?parent=1249"}],"wp:term":[{"taxonomy":"product_brand","embeddable":true,"href":"https:\/\/texell.rs\/en\/wp-json\/wp\/v2\/product_brand?post=1249"},{"taxonomy":"product_cat","embeddable":true,"href":"https:\/\/texell.rs\/en\/wp-json\/wp\/v2\/product_cat?post=1249"},{"taxonomy":"product_tag","embeddable":true,"href":"https:\/\/texell.rs\/en\/wp-json\/wp\/v2\/product_tag?post=1249"}],"curies":[{"name":"wp","href":"https:\/\/api.w.org\/{rel}","templated":true}]}}