{"id":1253,"date":"2022-03-08T18:08:35","date_gmt":"2022-03-08T17:08:35","guid":{"rendered":"https:\/\/texell.rs\/proizvod\/set-mlin-za-biber-i-slanik-magnetic-2-1-tpm-st256\/"},"modified":"2022-03-08T18:08:38","modified_gmt":"2022-03-08T17:08:38","slug":"set-mlin-za-biber-i-slanik-magnetic-2-1-tpm-st256","status":"publish","type":"product","link":"https:\/\/texell.rs\/en\/proizvod\/set-mlin-za-biber-i-slanik-magnetic-2-1-tpm-st256\/","title":{"rendered":"Magnetic set pepper and salt grinder set 2\/1 TPM-ST256"},"content":{"rendered":"<p>\u2022 Dimenzije: 5.2&#215;13.2cm<br \/>\n\u2022 Casing: Stainless steel\n\u2022 Spice chamber: acrylic      \n\u2022 Grinder: ceramic<\/p>","protected":false},"excerpt":{"rendered":"<p>\u2022 Dimenzije: 5.2&#215;13.2cm \u2022 Materijal: ner\u0111aju\u0107i \u010delik\/akril<\/p>","protected":false},"featured_media":1163,"template":"","meta":[],"product_brand":[],"product_cat":[21,22,60,23],"product_tag":[],"class_list":{"0":"post-1253","1":"product","2":"type-product","3":"status-publish","4":"has-post-thumbnail","6":"product_cat-kuhinja","7":"product_cat-kuhinjski-pribor","8":"product_cat-mlinovi","9":"product_cat-priprema-i-serviranje","11":"first","12":"instock","13":"product-type-simple"},"_links":{"self":[{"href":"https:\/\/texell.rs\/en\/wp-json\/wp\/v2\/product\/1253","targetHints":{"allow":["GET"]}}],"collection":[{"href":"https:\/\/texell.rs\/en\/wp-json\/wp\/v2\/product"}],"about":[{"href":"https:\/\/texell.rs\/en\/wp-json\/wp\/v2\/types\/product"}],"wp:featuredmedia":[{"embeddable":true,"href":"https:\/\/texell.rs\/en\/wp-json\/wp\/v2\/media\/1163"}],"wp:attachment":[{"href":"https:\/\/texell.rs\/en\/wp-json\/wp\/v2\/media?parent=1253"}],"wp:term":[{"taxonomy":"product_brand","embeddable":true,"href":"https:\/\/texell.rs\/en\/wp-json\/wp\/v2\/product_brand?post=1253"},{"taxonomy":"product_cat","embeddable":true,"href":"https:\/\/texell.rs\/en\/wp-json\/wp\/v2\/product_cat?post=1253"},{"taxonomy":"product_tag","embeddable":true,"href":"https:\/\/texell.rs\/en\/wp-json\/wp\/v2\/product_tag?post=1253"}],"curies":[{"name":"wp","href":"https:\/\/api.w.org\/{rel}","templated":true}]}}