{"id":1758,"date":"2022-04-30T19:21:12","date_gmt":"2022-04-30T18:21:12","guid":{"rendered":"https:\/\/texell.rs\/proizvod\/ostrac-za-nozeve-tks-239\/"},"modified":"2022-07-15T12:41:29","modified_gmt":"2022-07-15T11:41:29","slug":"ostrac-za-nozeve-tks-239","status":"publish","type":"product","link":"https:\/\/texell.rs\/en\/proizvod\/ostrac-za-nozeve-tks-239\/","title":{"rendered":"Vacuum knife sharpener TKS-239"},"content":{"rendered":"<p>\u2022 PVC base + ABS<br \/>\n\u2022 Sharpening surface made of Tungsten alloy<br \/>\n\u2022 Vacuum<\/p>","protected":false},"excerpt":{"rendered":"<p>\u2022 Materijal: ABS plastika \u2022 Se\u010divo od legure volframa \u2022 Vakumsko pri\u010dvr\u0161\u0107ivanje<\/p>","protected":false},"featured_media":3088,"template":"","meta":[],"product_brand":[],"product_cat":[21,22,62,76],"product_tag":[],"class_list":{"0":"post-1758","1":"product","2":"type-product","3":"status-publish","4":"has-post-thumbnail","6":"product_cat-kuhinja","7":"product_cat-kuhinjski-pribor","8":"product_cat-nozevi-i-ostraci","9":"product_cat-ostraci","11":"first","12":"instock","13":"product-type-simple"},"_links":{"self":[{"href":"https:\/\/texell.rs\/en\/wp-json\/wp\/v2\/product\/1758","targetHints":{"allow":["GET"]}}],"collection":[{"href":"https:\/\/texell.rs\/en\/wp-json\/wp\/v2\/product"}],"about":[{"href":"https:\/\/texell.rs\/en\/wp-json\/wp\/v2\/types\/product"}],"wp:featuredmedia":[{"embeddable":true,"href":"https:\/\/texell.rs\/en\/wp-json\/wp\/v2\/media\/3088"}],"wp:attachment":[{"href":"https:\/\/texell.rs\/en\/wp-json\/wp\/v2\/media?parent=1758"}],"wp:term":[{"taxonomy":"product_brand","embeddable":true,"href":"https:\/\/texell.rs\/en\/wp-json\/wp\/v2\/product_brand?post=1758"},{"taxonomy":"product_cat","embeddable":true,"href":"https:\/\/texell.rs\/en\/wp-json\/wp\/v2\/product_cat?post=1758"},{"taxonomy":"product_tag","embeddable":true,"href":"https:\/\/texell.rs\/en\/wp-json\/wp\/v2\/product_tag?post=1758"}],"curies":[{"name":"wp","href":"https:\/\/api.w.org\/{rel}","templated":true}]}}