{"id":1785,"date":"2022-04-30T19:23:39","date_gmt":"2022-04-30T18:23:39","guid":{"rendered":"https:\/\/texell.rs\/proizvod\/kasicica-mala-home-3-1-texell-tie-hkm163\/"},"modified":"2024-09-08T18:07:26","modified_gmt":"2024-09-08T17:07:26","slug":"kasicica-mala-home-3-1-texell-tie-hkm163","status":"publish","type":"product","link":"https:\/\/texell.rs\/en\/proizvod\/kasicica-mala-home-3-1-texell-tie-hkm163\/","title":{"rendered":"Tea spoon HOME 3\/1 Texell TIE-HKM163"},"content":{"rendered":"<p>\u2022 Lenght: 14,8cm<br \/>\n\u2022 Thickness: 2mm<br \/>\n\u2022 Material: Stainless steel 18\/0<\/p>","protected":false},"excerpt":{"rendered":"<p>\u2022 Du\u017eina: 14,8cm \u2022 Debljina 2mm \u2022 Materijal: ner\u0111aju\u0107i \u010delik 18\/0<\/p>","protected":false},"featured_media":3737,"template":"","meta":[],"product_brand":[],"product_cat":[81,21,22],"product_tag":[],"class_list":{"0":"post-1785","1":"product","2":"type-product","3":"status-publish","4":"has-post-thumbnail","6":"product_cat-escajg","7":"product_cat-kuhinja","8":"product_cat-kuhinjski-pribor","10":"first","11":"instock","12":"product-type-simple"},"_links":{"self":[{"href":"https:\/\/texell.rs\/en\/wp-json\/wp\/v2\/product\/1785","targetHints":{"allow":["GET"]}}],"collection":[{"href":"https:\/\/texell.rs\/en\/wp-json\/wp\/v2\/product"}],"about":[{"href":"https:\/\/texell.rs\/en\/wp-json\/wp\/v2\/types\/product"}],"wp:featuredmedia":[{"embeddable":true,"href":"https:\/\/texell.rs\/en\/wp-json\/wp\/v2\/media\/3737"}],"wp:attachment":[{"href":"https:\/\/texell.rs\/en\/wp-json\/wp\/v2\/media?parent=1785"}],"wp:term":[{"taxonomy":"product_brand","embeddable":true,"href":"https:\/\/texell.rs\/en\/wp-json\/wp\/v2\/product_brand?post=1785"},{"taxonomy":"product_cat","embeddable":true,"href":"https:\/\/texell.rs\/en\/wp-json\/wp\/v2\/product_cat?post=1785"},{"taxonomy":"product_tag","embeddable":true,"href":"https:\/\/texell.rs\/en\/wp-json\/wp\/v2\/product_tag?post=1785"}],"curies":[{"name":"wp","href":"https:\/\/api.w.org\/{rel}","templated":true}]}}