{"id":1787,"date":"2022-04-30T19:23:39","date_gmt":"2022-04-30T18:23:39","guid":{"rendered":"https:\/\/texell.rs\/proizvod\/harley-escajg-set-24-1-texell-tie-hs164\/"},"modified":"2022-07-15T16:21:12","modified_gmt":"2022-07-15T15:21:12","slug":"harley-escajg-set-24-1-texell-tie-hs164","status":"publish","type":"product","link":"https:\/\/texell.rs\/en\/proizvod\/harley-escajg-set-24-1-texell-tie-hs164\/","title":{"rendered":"Harley set 24\/1 Texell TIE-HS164"},"content":{"rendered":"<p>\u2022 Material: Stainless steel 18\/0<br \/>\n\u2022 Set:<br \/>\nSoup spoon x 6<br \/>\nFork x 6<br \/>\nKnife  x 6<br \/>\nCoffe spoon x 6<\/p>","protected":false},"excerpt":{"rendered":"<p>\u2022 Materijal: ner\u0111aju\u0107i \u010delik 18\/0 \u2022 Set: supena ka\u0161ika x 6 vilju\u0161ka x 6 No\u017e x 6 Kafena ka\u0161i\u010dica x 6<\/p>","protected":false},"featured_media":3114,"template":"","meta":[],"product_brand":[],"product_cat":[81,21,22],"product_tag":[],"class_list":{"0":"post-1787","1":"product","2":"type-product","3":"status-publish","4":"has-post-thumbnail","6":"product_cat-escajg","7":"product_cat-kuhinja","8":"product_cat-kuhinjski-pribor","10":"first","11":"instock","12":"product-type-simple"},"_links":{"self":[{"href":"https:\/\/texell.rs\/en\/wp-json\/wp\/v2\/product\/1787","targetHints":{"allow":["GET"]}}],"collection":[{"href":"https:\/\/texell.rs\/en\/wp-json\/wp\/v2\/product"}],"about":[{"href":"https:\/\/texell.rs\/en\/wp-json\/wp\/v2\/types\/product"}],"wp:featuredmedia":[{"embeddable":true,"href":"https:\/\/texell.rs\/en\/wp-json\/wp\/v2\/media\/3114"}],"wp:attachment":[{"href":"https:\/\/texell.rs\/en\/wp-json\/wp\/v2\/media?parent=1787"}],"wp:term":[{"taxonomy":"product_brand","embeddable":true,"href":"https:\/\/texell.rs\/en\/wp-json\/wp\/v2\/product_brand?post=1787"},{"taxonomy":"product_cat","embeddable":true,"href":"https:\/\/texell.rs\/en\/wp-json\/wp\/v2\/product_cat?post=1787"},{"taxonomy":"product_tag","embeddable":true,"href":"https:\/\/texell.rs\/en\/wp-json\/wp\/v2\/product_tag?post=1787"}],"curies":[{"name":"wp","href":"https:\/\/api.w.org\/{rel}","templated":true}]}}