{"id":2069,"date":"2022-05-04T00:18:32","date_gmt":"2022-05-03T23:18:32","guid":{"rendered":"https:\/\/texell.rs\/proizvod\/susilica-za-ves-texell-radiator-tcd-r140-3m\/"},"modified":"2024-09-09T09:32:51","modified_gmt":"2024-09-09T08:32:51","slug":"susilica-za-ves-texell-radiator-tcd-r140-3m","status":"publish","type":"product","link":"https:\/\/texell.rs\/en\/proizvod\/susilica-za-ves-texell-radiator-tcd-r140-3m\/","title":{"rendered":"Clothes dryer Texell Radiator TCD-R140 3m"},"content":{"rendered":"<p>\u2022 Dimensions of opened product: 51x34,5x15,5cm<br \/>\n\u2022 Capacity: 3m<\/p>","protected":false},"excerpt":{"rendered":"<p>\u2022 Dimenzije otvorenog proizvoda: 51*34,5*15,5 \u2022 Du\u017eina \u017eice za su\u0161enje: 3m<\/p>","protected":false},"featured_media":3761,"template":"","meta":[],"product_brand":[],"product_cat":[82,86],"product_tag":[],"class_list":{"0":"post-2069","1":"product","2":"type-product","3":"status-publish","4":"has-post-thumbnail","6":"product_cat-kuca","7":"product_cat-susilice","9":"first","10":"instock","11":"product-type-simple"},"_links":{"self":[{"href":"https:\/\/texell.rs\/en\/wp-json\/wp\/v2\/product\/2069","targetHints":{"allow":["GET"]}}],"collection":[{"href":"https:\/\/texell.rs\/en\/wp-json\/wp\/v2\/product"}],"about":[{"href":"https:\/\/texell.rs\/en\/wp-json\/wp\/v2\/types\/product"}],"wp:featuredmedia":[{"embeddable":true,"href":"https:\/\/texell.rs\/en\/wp-json\/wp\/v2\/media\/3761"}],"wp:attachment":[{"href":"https:\/\/texell.rs\/en\/wp-json\/wp\/v2\/media?parent=2069"}],"wp:term":[{"taxonomy":"product_brand","embeddable":true,"href":"https:\/\/texell.rs\/en\/wp-json\/wp\/v2\/product_brand?post=2069"},{"taxonomy":"product_cat","embeddable":true,"href":"https:\/\/texell.rs\/en\/wp-json\/wp\/v2\/product_cat?post=2069"},{"taxonomy":"product_tag","embeddable":true,"href":"https:\/\/texell.rs\/en\/wp-json\/wp\/v2\/product_tag?post=2069"}],"curies":[{"name":"wp","href":"https:\/\/api.w.org\/{rel}","templated":true}]}}