{"id":2083,"date":"2022-05-04T00:18:37","date_gmt":"2022-05-03T23:18:37","guid":{"rendered":"https:\/\/texell.rs\/proizvod\/ocedjivac-za-sudove-black-double-decker-texell-tde-bd338\/"},"modified":"2022-06-10T11:16:43","modified_gmt":"2022-06-10T10:16:43","slug":"ocedjivac-za-sudove-black-double-decker-texell-tde-bd338","status":"publish","type":"product","link":"https:\/\/texell.rs\/en\/proizvod\/ocedjivac-za-sudove-black-double-decker-texell-tde-bd338\/","title":{"rendered":"Dish rack Black double decker Texell TDE-BD338"},"content":{"rendered":"<p>\u2022 Dimensions: 30*37*24 cm ,<br \/>\n\u2022 Materijal: Stainless steel wire with PVC dipping\/plastic tray<\/p>","protected":false},"excerpt":{"rendered":"<p>\u2022 Dimenzije: 30*37*24 cm , \u2022 materijal: ner\u0111aju\u0107i \u010delik sa hromiranim premazom\/ tacna i posuda za escajg od plastike<\/p>","protected":false},"featured_media":1982,"template":"","meta":[],"product_brand":[],"product_cat":[21,24],"product_tag":[],"class_list":{"0":"post-2083","1":"product","2":"type-product","3":"status-publish","4":"has-post-thumbnail","6":"product_cat-kuhinja","7":"product_cat-oprema","9":"first","10":"instock","11":"featured","12":"product-type-simple"},"_links":{"self":[{"href":"https:\/\/texell.rs\/en\/wp-json\/wp\/v2\/product\/2083","targetHints":{"allow":["GET"]}}],"collection":[{"href":"https:\/\/texell.rs\/en\/wp-json\/wp\/v2\/product"}],"about":[{"href":"https:\/\/texell.rs\/en\/wp-json\/wp\/v2\/types\/product"}],"wp:featuredmedia":[{"embeddable":true,"href":"https:\/\/texell.rs\/en\/wp-json\/wp\/v2\/media\/1982"}],"wp:attachment":[{"href":"https:\/\/texell.rs\/en\/wp-json\/wp\/v2\/media?parent=2083"}],"wp:term":[{"taxonomy":"product_brand","embeddable":true,"href":"https:\/\/texell.rs\/en\/wp-json\/wp\/v2\/product_brand?post=2083"},{"taxonomy":"product_cat","embeddable":true,"href":"https:\/\/texell.rs\/en\/wp-json\/wp\/v2\/product_cat?post=2083"},{"taxonomy":"product_tag","embeddable":true,"href":"https:\/\/texell.rs\/en\/wp-json\/wp\/v2\/product_tag?post=2083"}],"curies":[{"name":"wp","href":"https:\/\/api.w.org\/{rel}","templated":true}]}}