{"id":2533,"date":"2022-05-26T12:44:49","date_gmt":"2022-05-26T11:44:49","guid":{"rendered":"https:\/\/texell.rs\/proizvod\/ljustac-y-texell-display-16-1-tkp-l230-2\/"},"modified":"2022-05-26T12:44:53","modified_gmt":"2022-05-26T11:44:53","slug":"ljustac-y-texell-display-16-1-tkp-l230-2","status":"publish","type":"product","link":"https:\/\/texell.rs\/en\/proizvod\/ljustac-y-texell-display-16-1-tkp-l230-2\/","title":{"rendered":"Y peeler Texell  display 16\/1 TKP-L230"},"content":{"rendered":"<p>\u2022 Soft touch handle<br \/>\n\u2022 Functional part 420J2 s.s blade<\/p>","protected":false},"excerpt":{"rendered":"<p>\u2022 Soft touch dr\u0161ka \u2022 Funkcionalni deo: ner\u0111aju\u0107i \u010delik<\/p>","protected":false},"featured_media":905,"template":"","meta":[],"product_brand":[],"product_cat":[58,21,57,22],"product_tag":[],"class_list":{"0":"post-2533","1":"product","2":"type-product","3":"status-publish","4":"has-post-thumbnail","6":"product_cat-design-edition","7":"product_cat-kuhinja","8":"product_cat-kuhinjske-alatke","9":"product_cat-kuhinjski-pribor","11":"first","12":"instock","13":"product-type-simple"},"_links":{"self":[{"href":"https:\/\/texell.rs\/en\/wp-json\/wp\/v2\/product\/2533","targetHints":{"allow":["GET"]}}],"collection":[{"href":"https:\/\/texell.rs\/en\/wp-json\/wp\/v2\/product"}],"about":[{"href":"https:\/\/texell.rs\/en\/wp-json\/wp\/v2\/types\/product"}],"wp:featuredmedia":[{"embeddable":true,"href":"https:\/\/texell.rs\/en\/wp-json\/wp\/v2\/media\/905"}],"wp:attachment":[{"href":"https:\/\/texell.rs\/en\/wp-json\/wp\/v2\/media?parent=2533"}],"wp:term":[{"taxonomy":"product_brand","embeddable":true,"href":"https:\/\/texell.rs\/en\/wp-json\/wp\/v2\/product_brand?post=2533"},{"taxonomy":"product_cat","embeddable":true,"href":"https:\/\/texell.rs\/en\/wp-json\/wp\/v2\/product_cat?post=2533"},{"taxonomy":"product_tag","embeddable":true,"href":"https:\/\/texell.rs\/en\/wp-json\/wp\/v2\/product_tag?post=2533"}],"curies":[{"name":"wp","href":"https:\/\/api.w.org\/{rel}","templated":true}]}}