{"id":2859,"date":"2022-06-02T20:37:09","date_gmt":"2022-06-02T19:37:09","guid":{"rendered":"https:\/\/texell.rs\/proizvod\/noz-chef-od-nerdjajuceg-celika-texell-tnss-c120-20-4cm\/"},"modified":"2022-07-15T14:56:37","modified_gmt":"2022-07-15T13:56:37","slug":"noz-chef-od-nerdjajuceg-celika-texell-tnss-c120-20-4cm","status":"publish","type":"product","link":"https:\/\/texell.rs\/en\/proizvod\/noz-chef-od-nerdjajuceg-celika-texell-tnss-c120-20-4cm\/","title":{"rendered":"Stainless steel Chef knife Texell TNSS-C120 20.4cm"},"content":{"rendered":"<p>\u2022 Blade 20,4cm<br \/>\n\u2022 Material: stainless steel blade<br \/>\n\u2022 Soft touch handle<\/p>","protected":false},"excerpt":{"rendered":"<p>\u2022 Du\u017eina se\u010diva 20.4cm \u2022 Se\u010divo od ner\u0111aju\u0107eg \u010delika \u2022 Soft touch dr\u0161ka<\/p>","protected":false},"featured_media":3089,"template":"","meta":[],"product_brand":[],"product_cat":[21,22,98,62],"product_tag":[],"class_list":{"0":"post-2859","1":"product","2":"type-product","3":"status-publish","4":"has-post-thumbnail","6":"product_cat-kuhinja","7":"product_cat-kuhinjski-pribor","8":"product_cat-nerdjajuci-celik","9":"product_cat-nozevi-i-ostraci","11":"first","12":"instock","13":"product-type-simple"},"_links":{"self":[{"href":"https:\/\/texell.rs\/en\/wp-json\/wp\/v2\/product\/2859","targetHints":{"allow":["GET"]}}],"collection":[{"href":"https:\/\/texell.rs\/en\/wp-json\/wp\/v2\/product"}],"about":[{"href":"https:\/\/texell.rs\/en\/wp-json\/wp\/v2\/types\/product"}],"wp:featuredmedia":[{"embeddable":true,"href":"https:\/\/texell.rs\/en\/wp-json\/wp\/v2\/media\/3089"}],"wp:attachment":[{"href":"https:\/\/texell.rs\/en\/wp-json\/wp\/v2\/media?parent=2859"}],"wp:term":[{"taxonomy":"product_brand","embeddable":true,"href":"https:\/\/texell.rs\/en\/wp-json\/wp\/v2\/product_brand?post=2859"},{"taxonomy":"product_cat","embeddable":true,"href":"https:\/\/texell.rs\/en\/wp-json\/wp\/v2\/product_cat?post=2859"},{"taxonomy":"product_tag","embeddable":true,"href":"https:\/\/texell.rs\/en\/wp-json\/wp\/v2\/product_tag?post=2859"}],"curies":[{"name":"wp","href":"https:\/\/api.w.org\/{rel}","templated":true}]}}