{"id":3594,"date":"2022-11-22T01:06:31","date_gmt":"2022-11-22T00:06:31","guid":{"rendered":"https:\/\/texell.rs\/proizvod\/noz-univerzalni-black-line-texell-tnb-u365\/"},"modified":"2022-11-22T01:06:34","modified_gmt":"2022-11-22T00:06:34","slug":"noz-univerzalni-black-line-texell-tnb-u365","status":"publish","type":"product","link":"https:\/\/texell.rs\/en\/proizvod\/noz-univerzalni-black-line-texell-tnb-u365\/","title":{"rendered":"No\u017e univerzalni Black Line Texell TNB-U365"},"content":{"rendered":"<p>\u2022 Du\u017eina se\u010diva: 12,7 cm<br \/>\n\u2022 Material: stainless steel blade<\/p>","protected":false},"excerpt":{"rendered":"<p>\u2022 Du\u017eina se\u010diva: 12,7 cm \u2022 Se\u010divo od ner\u0111aju\u0107eg \u010delika<\/p>","protected":false},"featured_media":3534,"template":"","meta":[],"product_brand":[],"product_cat":[107,21,22,62],"product_tag":[],"class_list":{"0":"post-3594","1":"product","2":"type-product","3":"status-publish","4":"has-post-thumbnail","6":"product_cat-black-line-nozevi-i-ostraci","7":"product_cat-kuhinja","8":"product_cat-kuhinjski-pribor","9":"product_cat-nozevi-i-ostraci","11":"first","12":"instock","13":"product-type-simple"},"_links":{"self":[{"href":"https:\/\/texell.rs\/en\/wp-json\/wp\/v2\/product\/3594","targetHints":{"allow":["GET"]}}],"collection":[{"href":"https:\/\/texell.rs\/en\/wp-json\/wp\/v2\/product"}],"about":[{"href":"https:\/\/texell.rs\/en\/wp-json\/wp\/v2\/types\/product"}],"wp:featuredmedia":[{"embeddable":true,"href":"https:\/\/texell.rs\/en\/wp-json\/wp\/v2\/media\/3534"}],"wp:attachment":[{"href":"https:\/\/texell.rs\/en\/wp-json\/wp\/v2\/media?parent=3594"}],"wp:term":[{"taxonomy":"product_brand","embeddable":true,"href":"https:\/\/texell.rs\/en\/wp-json\/wp\/v2\/product_brand?post=3594"},{"taxonomy":"product_cat","embeddable":true,"href":"https:\/\/texell.rs\/en\/wp-json\/wp\/v2\/product_cat?post=3594"},{"taxonomy":"product_tag","embeddable":true,"href":"https:\/\/texell.rs\/en\/wp-json\/wp\/v2\/product_tag?post=3594"}],"curies":[{"name":"wp","href":"https:\/\/api.w.org\/{rel}","templated":true}]}}