{"id":3732,"date":"2024-09-08T17:58:20","date_gmt":"2024-09-08T16:58:20","guid":{"rendered":"https:\/\/texell.rs\/?post_type=product&#038;p=3732"},"modified":"2024-09-08T18:01:31","modified_gmt":"2024-09-08T17:01:31","slug":"escajg-set-rainbow-12-1-texell-tie-sr380","status":"publish","type":"product","link":"https:\/\/texell.rs\/en\/proizvod\/escajg-set-rainbow-12-1-texell-tie-sr380\/","title":{"rendered":"Escajg set Rainbow 12\/1 Texell TIE-SR380"},"content":{"rendered":"<p><strong>\u2022 Materijal:<\/strong> Ner\u0111aju\u0107i \u010delik\/plastika<br \/>\n<strong>\u2022 Dostupno u \u010detiri boje:<\/strong> roza, plava, \u017euta i zelena<br \/>\n<strong>\u2022 Set sadr\u017ei:<\/strong><br \/>\n&#8211; supena ka\u0161ika x 4<br \/>\n&#8211; vilju\u0161ka x 4<br \/>\n&#8211; no\u017e x 4<\/p>","protected":false},"excerpt":{"rendered":"<p>\u2022 Materijal: Ner\u0111aju\u0107i \u010delik\/plastika \u2022 Dostupno u \u010detiri boje: roza, plava, \u017euta i zelena \u2022 Set sadr\u017ei: &#8211; supena ka\u0161ika x 4 &#8211; vilju\u0161ka x 4 &#8211; no\u017e x 4<\/p>","protected":false},"featured_media":3733,"template":"","meta":[],"product_brand":[],"product_cat":[81,21,22],"product_tag":[],"class_list":{"0":"post-3732","1":"product","2":"type-product","3":"status-publish","4":"has-post-thumbnail","6":"product_cat-escajg","7":"product_cat-kuhinja","8":"product_cat-kuhinjski-pribor","10":"first","11":"instock","12":"product-type-simple"},"_links":{"self":[{"href":"https:\/\/texell.rs\/en\/wp-json\/wp\/v2\/product\/3732","targetHints":{"allow":["GET"]}}],"collection":[{"href":"https:\/\/texell.rs\/en\/wp-json\/wp\/v2\/product"}],"about":[{"href":"https:\/\/texell.rs\/en\/wp-json\/wp\/v2\/types\/product"}],"wp:featuredmedia":[{"embeddable":true,"href":"https:\/\/texell.rs\/en\/wp-json\/wp\/v2\/media\/3733"}],"wp:attachment":[{"href":"https:\/\/texell.rs\/en\/wp-json\/wp\/v2\/media?parent=3732"}],"wp:term":[{"taxonomy":"product_brand","embeddable":true,"href":"https:\/\/texell.rs\/en\/wp-json\/wp\/v2\/product_brand?post=3732"},{"taxonomy":"product_cat","embeddable":true,"href":"https:\/\/texell.rs\/en\/wp-json\/wp\/v2\/product_cat?post=3732"},{"taxonomy":"product_tag","embeddable":true,"href":"https:\/\/texell.rs\/en\/wp-json\/wp\/v2\/product_tag?post=3732"}],"curies":[{"name":"wp","href":"https:\/\/api.w.org\/{rel}","templated":true}]}}