{"id":3738,"date":"2022-04-30T19:23:28","date_gmt":"2022-04-30T18:23:28","guid":{"rendered":"https:\/\/texell.rs\/?post_type=product&#038;p=3738"},"modified":"2024-09-08T18:17:37","modified_gmt":"2024-09-08T17:17:37","slug":"viljuskica-home-3-1-texell-tie-hvm374","status":"publish","type":"product","link":"https:\/\/texell.rs\/en\/proizvod\/viljuskica-home-3-1-texell-tie-hvm374\/","title":{"rendered":"Vilju\u0161kica Home 3\/1 Texell TIE-HVM374"},"content":{"rendered":"<p>\u2022 Lenght: 14,8cm<br \/>\n\u2022 Debljina: 2mm<br \/>\n\u2022 Materijal: Ner\u0111aju\u0107i \u010delik 18\/0<\/p>","protected":false},"excerpt":{"rendered":"<p>\u2022 Du\u017eina: 14,8cm \u2022 Debljina: 2mm \u2022 Materijal: Ner\u0111aju\u0107i \u010delik 18\/0<\/p>","protected":false},"featured_media":3739,"template":"","meta":[],"product_brand":[],"product_cat":[81,21,22],"product_tag":[],"class_list":{"0":"post-3738","1":"product","2":"type-product","3":"status-publish","4":"has-post-thumbnail","6":"product_cat-escajg","7":"product_cat-kuhinja","8":"product_cat-kuhinjski-pribor","10":"first","11":"instock","12":"product-type-simple"},"_links":{"self":[{"href":"https:\/\/texell.rs\/en\/wp-json\/wp\/v2\/product\/3738","targetHints":{"allow":["GET"]}}],"collection":[{"href":"https:\/\/texell.rs\/en\/wp-json\/wp\/v2\/product"}],"about":[{"href":"https:\/\/texell.rs\/en\/wp-json\/wp\/v2\/types\/product"}],"wp:featuredmedia":[{"embeddable":true,"href":"https:\/\/texell.rs\/en\/wp-json\/wp\/v2\/media\/3739"}],"wp:attachment":[{"href":"https:\/\/texell.rs\/en\/wp-json\/wp\/v2\/media?parent=3738"}],"wp:term":[{"taxonomy":"product_brand","embeddable":true,"href":"https:\/\/texell.rs\/en\/wp-json\/wp\/v2\/product_brand?post=3738"},{"taxonomy":"product_cat","embeddable":true,"href":"https:\/\/texell.rs\/en\/wp-json\/wp\/v2\/product_cat?post=3738"},{"taxonomy":"product_tag","embeddable":true,"href":"https:\/\/texell.rs\/en\/wp-json\/wp\/v2\/product_tag?post=3738"}],"curies":[{"name":"wp","href":"https:\/\/api.w.org\/{rel}","templated":true}]}}