{"id":868,"date":"2022-03-06T14:05:53","date_gmt":"2022-03-06T13:05:53","guid":{"rendered":"https:\/\/texell.rs\/proizvod\/posuda-inox-u-boji-tipm-b172-18cm\/"},"modified":"2022-07-21T00:36:53","modified_gmt":"2022-07-20T23:36:53","slug":"posuda-inox-u-boji-tipm-b172-18cm","status":"publish","type":"product","link":"https:\/\/texell.rs\/en\/proizvod\/posuda-inox-u-boji-tipm-b172-18cm\/","title":{"rendered":"Colored bowl Texell TIPM-B172 18cm"},"content":{"rendered":"<p>\u2022 Width 18 cm<br \/>\n\u2022 Height 10 cm<br \/>\n\u2022 Thickness 0,5mm<br \/>\n\u2022 Material: Stainless steel<\/p>","protected":false},"excerpt":{"rendered":"<p>\u2022 \u0160irina posude 18 cm \u2022 Visina posude 10 cm \u2022 Debljina materijala 0,5mm. \u2022 Materijal: ner\u0111aju\u0107i \u010delik<\/p>","protected":false},"featured_media":3226,"template":"","meta":[],"product_brand":[],"product_cat":[54,21,22,23],"product_tag":[],"class_list":{"0":"post-868","1":"product","2":"type-product","3":"status-publish","4":"has-post-thumbnail","6":"product_cat-inox-cinije","7":"product_cat-kuhinja","8":"product_cat-kuhinjski-pribor","9":"product_cat-priprema-i-serviranje","11":"first","12":"instock","13":"product-type-simple"},"_links":{"self":[{"href":"https:\/\/texell.rs\/en\/wp-json\/wp\/v2\/product\/868","targetHints":{"allow":["GET"]}}],"collection":[{"href":"https:\/\/texell.rs\/en\/wp-json\/wp\/v2\/product"}],"about":[{"href":"https:\/\/texell.rs\/en\/wp-json\/wp\/v2\/types\/product"}],"wp:featuredmedia":[{"embeddable":true,"href":"https:\/\/texell.rs\/en\/wp-json\/wp\/v2\/media\/3226"}],"wp:attachment":[{"href":"https:\/\/texell.rs\/en\/wp-json\/wp\/v2\/media?parent=868"}],"wp:term":[{"taxonomy":"product_brand","embeddable":true,"href":"https:\/\/texell.rs\/en\/wp-json\/wp\/v2\/product_brand?post=868"},{"taxonomy":"product_cat","embeddable":true,"href":"https:\/\/texell.rs\/en\/wp-json\/wp\/v2\/product_cat?post=868"},{"taxonomy":"product_tag","embeddable":true,"href":"https:\/\/texell.rs\/en\/wp-json\/wp\/v2\/product_tag?post=868"}],"curies":[{"name":"wp","href":"https:\/\/api.w.org\/{rel}","templated":true}]}}