{"id":1255,"date":"2022-03-08T18:08:35","date_gmt":"2022-03-08T17:08:35","guid":{"rendered":"https:\/\/texell.rs\/proizvod\/solja-za-caj-sa-infuzerom-i-poklopcem-texell-ttmi-330\/"},"modified":"2022-07-21T00:48:10","modified_gmt":"2022-07-20T23:48:10","slug":"solja-za-caj-sa-infuzerom-i-poklopcem-texell-ttmi-330","status":"publish","type":"product","link":"https:\/\/texell.rs\/sl\/proizvod\/solja-za-caj-sa-infuzerom-i-poklopcem-texell-ttmi-330\/","title":{"rendered":"Skodelica za \u010daj z infuzerjem in pokrovom Texell TTMI-330"},"content":{"rendered":"<p>\u2022 Prostornina: 325 ml<br \/>\n\u2022 Materijal: keramika\/nerjavno jeklo<br \/>\n\u2022 Dobavljivo v 4 barvah<\/p>","protected":false},"excerpt":{"rendered":"<p>\u2022 Zapremina: 325ml \u2022 Materijal: keramika\/ner\u0111aju\u0107i \u010delik \u2022 4 dostupne boje<\/p>","protected":false},"featured_media":1202,"template":"","meta":[],"product_brand":[],"product_cat":[61,21,22,23],"product_tag":[],"class_list":{"0":"post-1255","1":"product","2":"type-product","3":"status-publish","4":"has-post-thumbnail","6":"product_cat-keramika","7":"product_cat-kuhinja","8":"product_cat-kuhinjski-pribor","9":"product_cat-priprema-i-serviranje","11":"first","12":"instock","13":"product-type-simple"},"_links":{"self":[{"href":"https:\/\/texell.rs\/sl\/wp-json\/wp\/v2\/product\/1255","targetHints":{"allow":["GET"]}}],"collection":[{"href":"https:\/\/texell.rs\/sl\/wp-json\/wp\/v2\/product"}],"about":[{"href":"https:\/\/texell.rs\/sl\/wp-json\/wp\/v2\/types\/product"}],"wp:featuredmedia":[{"embeddable":true,"href":"https:\/\/texell.rs\/sl\/wp-json\/wp\/v2\/media\/1202"}],"wp:attachment":[{"href":"https:\/\/texell.rs\/sl\/wp-json\/wp\/v2\/media?parent=1255"}],"wp:term":[{"taxonomy":"product_brand","embeddable":true,"href":"https:\/\/texell.rs\/sl\/wp-json\/wp\/v2\/product_brand?post=1255"},{"taxonomy":"product_cat","embeddable":true,"href":"https:\/\/texell.rs\/sl\/wp-json\/wp\/v2\/product_cat?post=1255"},{"taxonomy":"product_tag","embeddable":true,"href":"https:\/\/texell.rs\/sl\/wp-json\/wp\/v2\/product_tag?post=1255"}],"curies":[{"name":"wp","href":"https:\/\/api.w.org\/{rel}","templated":true}]}}