{"id":1594,"date":"2022-04-19T10:34:44","date_gmt":"2022-04-19T09:34:44","guid":{"rendered":"https:\/\/texell.rs\/proizvod\/noz-univerzalni-korea-style-127-cm-tks-u319\/"},"modified":"2022-04-19T10:34:45","modified_gmt":"2022-04-19T09:34:45","slug":"noz-univerzalni-korea-style-127-cm-tks-u319","status":"publish","type":"product","link":"https:\/\/texell.rs\/sl\/proizvod\/noz-univerzalni-korea-style-127-cm-tks-u319\/","title":{"rendered":"No\u017e univerzalni Korea Style  12,7 cm TKS-U319"},"content":{"rendered":"<p>\u2022 Dol\u017eina rezila: 12,7 cm<br \/>\n\u2022 Rezilo iz nerjavnega jekla z non stick-premazom<br \/>\n\u2022 PP ro\u010daj<\/p>","protected":false},"excerpt":{"rendered":"<p>\u2022 Du\u017eina se\u010diva: 12,7cm \u2022 Se\u010divo od ner\u0111aju\u0107eg \u010delika sa non stick-premazom \u2022 PP dr\u0161ka<\/p>","protected":false},"featured_media":1375,"template":"","meta":[],"product_brand":[],"product_cat":[65,21,22,62],"product_tag":[],"class_list":{"0":"post-1594","1":"product","2":"type-product","3":"status-publish","4":"has-post-thumbnail","6":"product_cat-korea-style","7":"product_cat-kuhinja","8":"product_cat-kuhinjski-pribor","9":"product_cat-nozevi-i-ostraci","11":"first","12":"instock","13":"product-type-simple"},"_links":{"self":[{"href":"https:\/\/texell.rs\/sl\/wp-json\/wp\/v2\/product\/1594","targetHints":{"allow":["GET"]}}],"collection":[{"href":"https:\/\/texell.rs\/sl\/wp-json\/wp\/v2\/product"}],"about":[{"href":"https:\/\/texell.rs\/sl\/wp-json\/wp\/v2\/types\/product"}],"wp:featuredmedia":[{"embeddable":true,"href":"https:\/\/texell.rs\/sl\/wp-json\/wp\/v2\/media\/1375"}],"wp:attachment":[{"href":"https:\/\/texell.rs\/sl\/wp-json\/wp\/v2\/media?parent=1594"}],"wp:term":[{"taxonomy":"product_brand","embeddable":true,"href":"https:\/\/texell.rs\/sl\/wp-json\/wp\/v2\/product_brand?post=1594"},{"taxonomy":"product_cat","embeddable":true,"href":"https:\/\/texell.rs\/sl\/wp-json\/wp\/v2\/product_cat?post=1594"},{"taxonomy":"product_tag","embeddable":true,"href":"https:\/\/texell.rs\/sl\/wp-json\/wp\/v2\/product_tag?post=1594"}],"curies":[{"name":"wp","href":"https:\/\/api.w.org\/{rel}","templated":true}]}}