{"id":1754,"date":"2022-04-30T19:21:12","date_gmt":"2022-04-30T18:21:12","guid":{"rendered":"https:\/\/texell.rs\/proizvod\/ljustac-spring-texell-ts-l332-2\/"},"modified":"2024-09-08T18:33:52","modified_gmt":"2024-09-08T17:33:52","slug":"ljustac-spring-texell-ts-l332-2","status":"publish","type":"product","link":"https:\/\/texell.rs\/sl\/proizvod\/ljustac-spring-texell-ts-l332-2\/","title":{"rendered":"Lupilec Spring Texell TS-L332"},"content":{"rendered":"<p>\u2022 Dimenzije rezila: 6 * 1,1 cm<br \/>\n\u2022 Materijal: nerjavno jeklo, PP ro\u010daj<br \/>\n\u2022 Dostupan u 4 boje: \u017euta, siva, roza<\/p>","protected":false},"excerpt":{"rendered":"<p>\u2022 Dimenzije se\u010diva: 6*1,1cm \u2022 Materijal:ner\u0111aju\u0107i \u010delik, PP dr\u0161ka \u2022 Dostupan u 4 boje: \u017euta, siva, roza<\/p>","protected":false},"featured_media":3741,"template":"","meta":[],"product_brand":[],"product_cat":[21,22,62,63],"product_tag":[],"class_list":{"0":"post-1754","1":"product","2":"type-product","3":"status-publish","4":"has-post-thumbnail","6":"product_cat-kuhinja","7":"product_cat-kuhinjski-pribor","8":"product_cat-nozevi-i-ostraci","9":"product_cat-spring-line","11":"first","12":"instock","13":"featured","14":"product-type-simple"},"_links":{"self":[{"href":"https:\/\/texell.rs\/sl\/wp-json\/wp\/v2\/product\/1754","targetHints":{"allow":["GET"]}}],"collection":[{"href":"https:\/\/texell.rs\/sl\/wp-json\/wp\/v2\/product"}],"about":[{"href":"https:\/\/texell.rs\/sl\/wp-json\/wp\/v2\/types\/product"}],"wp:featuredmedia":[{"embeddable":true,"href":"https:\/\/texell.rs\/sl\/wp-json\/wp\/v2\/media\/3741"}],"wp:attachment":[{"href":"https:\/\/texell.rs\/sl\/wp-json\/wp\/v2\/media?parent=1754"}],"wp:term":[{"taxonomy":"product_brand","embeddable":true,"href":"https:\/\/texell.rs\/sl\/wp-json\/wp\/v2\/product_brand?post=1754"},{"taxonomy":"product_cat","embeddable":true,"href":"https:\/\/texell.rs\/sl\/wp-json\/wp\/v2\/product_cat?post=1754"},{"taxonomy":"product_tag","embeddable":true,"href":"https:\/\/texell.rs\/sl\/wp-json\/wp\/v2\/product_tag?post=1754"}],"curies":[{"name":"wp","href":"https:\/\/api.w.org\/{rel}","templated":true}]}}