{"id":1782,"date":"2022-04-30T19:23:39","date_gmt":"2022-04-30T18:23:39","guid":{"rendered":"https:\/\/texell.rs\/proizvod\/viljuska-home-3-1-texell-tie-hv160\/"},"modified":"2024-09-08T18:05:02","modified_gmt":"2024-09-08T17:05:02","slug":"viljuska-home-3-1-texell-tie-hv160","status":"publish","type":"product","link":"https:\/\/texell.rs\/sl\/proizvod\/viljuska-home-3-1-texell-tie-hv160\/","title":{"rendered":"Vilica Home 3\/1 Texell TIE-HV160"},"content":{"rendered":"<p>\u2022 Dol\u017eina: 21 cm<br \/>\n\u2022 Debelina 3 mm<br \/>\n\u2022 Materijal: nerjavno jeklo 18\/0<\/p>","protected":false},"excerpt":{"rendered":"<p>\u2022 Du\u017eina: 21cm \u2022 Debljina 3mm \u2022 Materijal: ner\u0111aju\u0107i \u010delik 18\/0<\/p>","protected":false},"featured_media":3734,"template":"","meta":[],"product_brand":[],"product_cat":[81,21,22],"product_tag":[],"class_list":{"0":"post-1782","1":"product","2":"type-product","3":"status-publish","4":"has-post-thumbnail","6":"product_cat-escajg","7":"product_cat-kuhinja","8":"product_cat-kuhinjski-pribor","10":"first","11":"instock","12":"product-type-simple"},"_links":{"self":[{"href":"https:\/\/texell.rs\/sl\/wp-json\/wp\/v2\/product\/1782","targetHints":{"allow":["GET"]}}],"collection":[{"href":"https:\/\/texell.rs\/sl\/wp-json\/wp\/v2\/product"}],"about":[{"href":"https:\/\/texell.rs\/sl\/wp-json\/wp\/v2\/types\/product"}],"wp:featuredmedia":[{"embeddable":true,"href":"https:\/\/texell.rs\/sl\/wp-json\/wp\/v2\/media\/3734"}],"wp:attachment":[{"href":"https:\/\/texell.rs\/sl\/wp-json\/wp\/v2\/media?parent=1782"}],"wp:term":[{"taxonomy":"product_brand","embeddable":true,"href":"https:\/\/texell.rs\/sl\/wp-json\/wp\/v2\/product_brand?post=1782"},{"taxonomy":"product_cat","embeddable":true,"href":"https:\/\/texell.rs\/sl\/wp-json\/wp\/v2\/product_cat?post=1782"},{"taxonomy":"product_tag","embeddable":true,"href":"https:\/\/texell.rs\/sl\/wp-json\/wp\/v2\/product_tag?post=1782"}],"curies":[{"name":"wp","href":"https:\/\/api.w.org\/{rel}","templated":true}]}}