{"id":1788,"date":"2022-04-30T19:23:39","date_gmt":"2022-04-30T18:23:39","guid":{"rendered":"https:\/\/texell.rs\/proizvod\/escajg-set-colorful-12-1-texell-tie-sc308\/"},"modified":"2022-04-30T19:23:41","modified_gmt":"2022-04-30T18:23:41","slug":"escajg-set-colorful-12-1-texell-tie-sc308","status":"publish","type":"product","link":"https:\/\/texell.rs\/sl\/proizvod\/escajg-set-colorful-12-1-texell-tie-sc308\/","title":{"rendered":"Jedilni pribor set Colorful 12\/1 Texell TIE-SC308"},"content":{"rendered":"<p>\u2022 Materijal: nerjavno jeklo \/plastika<br \/>\n\u2022 Set:<br \/>\n\u017dlica x 4<br \/>\nVilica x 4<br \/>\nNo\u017e x 4<br \/>\n\u2022 Dobavljivo v 4 barvah<\/p>","protected":false},"excerpt":{"rendered":"<p>\u2022 Materijal: ner\u0111aju\u0107i \u010delik \/plastika \u2022 Set: Supena ka\u0161ika x 4 Vilju\u0161ka x 4 No\u017e x 4 \u2022 4 dostupne boje<\/p>","protected":false},"featured_media":1634,"template":"","meta":[],"product_brand":[],"product_cat":[81,21,22],"product_tag":[],"class_list":{"0":"post-1788","1":"product","2":"type-product","3":"status-publish","4":"has-post-thumbnail","6":"product_cat-escajg","7":"product_cat-kuhinja","8":"product_cat-kuhinjski-pribor","10":"first","11":"instock","12":"product-type-simple"},"_links":{"self":[{"href":"https:\/\/texell.rs\/sl\/wp-json\/wp\/v2\/product\/1788","targetHints":{"allow":["GET"]}}],"collection":[{"href":"https:\/\/texell.rs\/sl\/wp-json\/wp\/v2\/product"}],"about":[{"href":"https:\/\/texell.rs\/sl\/wp-json\/wp\/v2\/types\/product"}],"wp:featuredmedia":[{"embeddable":true,"href":"https:\/\/texell.rs\/sl\/wp-json\/wp\/v2\/media\/1634"}],"wp:attachment":[{"href":"https:\/\/texell.rs\/sl\/wp-json\/wp\/v2\/media?parent=1788"}],"wp:term":[{"taxonomy":"product_brand","embeddable":true,"href":"https:\/\/texell.rs\/sl\/wp-json\/wp\/v2\/product_brand?post=1788"},{"taxonomy":"product_cat","embeddable":true,"href":"https:\/\/texell.rs\/sl\/wp-json\/wp\/v2\/product_cat?post=1788"},{"taxonomy":"product_tag","embeddable":true,"href":"https:\/\/texell.rs\/sl\/wp-json\/wp\/v2\/product_tag?post=1788"}],"curies":[{"name":"wp","href":"https:\/\/api.w.org\/{rel}","templated":true}]}}