{"id":1789,"date":"2022-04-30T19:23:39","date_gmt":"2022-04-30T18:23:39","guid":{"rendered":"https:\/\/texell.rs\/proizvod\/escajg-set-style-24-1-texell-tie-sc309\/"},"modified":"2022-07-15T16:21:56","modified_gmt":"2022-07-15T15:21:56","slug":"escajg-set-style-24-1-texell-tie-sc309","status":"publish","type":"product","link":"https:\/\/texell.rs\/sl\/proizvod\/escajg-set-style-24-1-texell-tie-sc309\/","title":{"rendered":"Jedilni pribor set Style 24\/1 Texell TIE-SC309"},"content":{"rendered":"<p>\u2022 Materijal: nerjavno jeklo \/plastika<br \/>\n\u2022 Set:<br \/>\n\u017dlica x 6<br \/>\nVilica x 6<br \/>\nNo\u017e x 6<br \/>\n\u017dlica \u010dajna x 6<\/p>","protected":false},"excerpt":{"rendered":"<p>\u2022 Materijal: ner\u0111aju\u0107i \u010delik \/plastika \u2022 Set: supena ka\u0161ika x 6 vilju\u0161ka x 6 No\u017e x 6 Kafena ka\u0161i\u010dica x 6<\/p>","protected":false},"featured_media":3116,"template":"","meta":[],"product_brand":[],"product_cat":[81,21,22],"product_tag":[],"class_list":{"0":"post-1789","1":"product","2":"type-product","3":"status-publish","4":"has-post-thumbnail","6":"product_cat-escajg","7":"product_cat-kuhinja","8":"product_cat-kuhinjski-pribor","10":"first","11":"instock","12":"product-type-simple"},"_links":{"self":[{"href":"https:\/\/texell.rs\/sl\/wp-json\/wp\/v2\/product\/1789","targetHints":{"allow":["GET"]}}],"collection":[{"href":"https:\/\/texell.rs\/sl\/wp-json\/wp\/v2\/product"}],"about":[{"href":"https:\/\/texell.rs\/sl\/wp-json\/wp\/v2\/types\/product"}],"wp:featuredmedia":[{"embeddable":true,"href":"https:\/\/texell.rs\/sl\/wp-json\/wp\/v2\/media\/3116"}],"wp:attachment":[{"href":"https:\/\/texell.rs\/sl\/wp-json\/wp\/v2\/media?parent=1789"}],"wp:term":[{"taxonomy":"product_brand","embeddable":true,"href":"https:\/\/texell.rs\/sl\/wp-json\/wp\/v2\/product_brand?post=1789"},{"taxonomy":"product_cat","embeddable":true,"href":"https:\/\/texell.rs\/sl\/wp-json\/wp\/v2\/product_cat?post=1789"},{"taxonomy":"product_tag","embeddable":true,"href":"https:\/\/texell.rs\/sl\/wp-json\/wp\/v2\/product_tag?post=1789"}],"curies":[{"name":"wp","href":"https:\/\/api.w.org\/{rel}","templated":true}]}}