{"id":2067,"date":"2022-05-04T00:18:32","date_gmt":"2022-05-03T23:18:32","guid":{"rendered":"https:\/\/texell.rs\/proizvod\/susilica-za-ves-balance-18-0503se-18-m\/"},"modified":"2022-05-04T00:18:34","modified_gmt":"2022-05-03T23:18:34","slug":"susilica-za-ves-balance-18-0503se-18-m","status":"publish","type":"product","link":"https:\/\/texell.rs\/sl\/proizvod\/susilica-za-ves-balance-18-0503se-18-m\/","title":{"rendered":"Stojalo za su\u0161enje perila Texell Balance 18 0503SE 18 m"},"content":{"rendered":"<p>\u2022 \u00d8 16 mm<br \/>\n\u2022 Dimenzije: 182x55x3cm<br \/>\n\u2022 Su\u0161ilna povr\u0161ina: 18 m<br \/>\n\u2022 Maksimalna nosilnost 18 kg<br \/>\n\u2022 Te\u017ea 2,53 kg<\/p>","protected":false},"excerpt":{"rendered":"<p>\u2022 \u00d8 16 mm \u2022 Dimenzije: 182x55x3cm \u2022 Du\u017eina \u017eice za su\u0161enje: 18m \u2022 Maksimalna nosivost 18 kg \u2022 Te\u017eina 2,53 kg<\/p>","protected":false},"featured_media":2012,"template":"","meta":[],"product_brand":[],"product_cat":[82,86],"product_tag":[],"class_list":{"0":"post-2067","1":"product","2":"type-product","3":"status-publish","4":"has-post-thumbnail","6":"product_cat-kuca","7":"product_cat-susilice","9":"first","10":"instock","11":"product-type-simple"},"_links":{"self":[{"href":"https:\/\/texell.rs\/sl\/wp-json\/wp\/v2\/product\/2067","targetHints":{"allow":["GET"]}}],"collection":[{"href":"https:\/\/texell.rs\/sl\/wp-json\/wp\/v2\/product"}],"about":[{"href":"https:\/\/texell.rs\/sl\/wp-json\/wp\/v2\/types\/product"}],"wp:featuredmedia":[{"embeddable":true,"href":"https:\/\/texell.rs\/sl\/wp-json\/wp\/v2\/media\/2012"}],"wp:attachment":[{"href":"https:\/\/texell.rs\/sl\/wp-json\/wp\/v2\/media?parent=2067"}],"wp:term":[{"taxonomy":"product_brand","embeddable":true,"href":"https:\/\/texell.rs\/sl\/wp-json\/wp\/v2\/product_brand?post=2067"},{"taxonomy":"product_cat","embeddable":true,"href":"https:\/\/texell.rs\/sl\/wp-json\/wp\/v2\/product_cat?post=2067"},{"taxonomy":"product_tag","embeddable":true,"href":"https:\/\/texell.rs\/sl\/wp-json\/wp\/v2\/product_tag?post=2067"}],"curies":[{"name":"wp","href":"https:\/\/api.w.org\/{rel}","templated":true}]}}