{"id":2071,"date":"2022-05-04T00:18:32","date_gmt":"2022-05-03T23:18:32","guid":{"rendered":"https:\/\/texell.rs\/proizvod\/susilica-za-ves-texell-vertical-tcd-v139-33m\/"},"modified":"2024-09-09T09:30:08","modified_gmt":"2024-09-09T08:30:08","slug":"susilica-za-ves-texell-vertical-tcd-v139-33m","status":"publish","type":"product","link":"https:\/\/texell.rs\/sl\/proizvod\/susilica-za-ves-texell-vertical-tcd-v139-33m\/","title":{"rendered":"Stojalo za su\u0161enje perila Texell Vertical TCD-V139 33 m"},"content":{"rendered":"<p>\u2022 Dimenzije zlo\u017eenega stojala: 130*73.5x4 cm<br \/>\n\u2022 Dimenzije otvorenog proizvoda: 130*69&#215;73.5cm<br \/>\n\u2022 Su\u0161ilna povr\u0161ina: 33 m<\/p>","protected":false},"excerpt":{"rendered":"<p>\u2022 Dimenzije zapakovanog proizvoda: 130*73.5x4cm \u2022 Dimenzije otvorenog proizvoda: 130*69&#215;73.5cm \u2022 Du\u017eina \u017eice za su\u0161enje: 33m<\/p>","protected":false},"featured_media":3759,"template":"","meta":[],"product_brand":[],"product_cat":[82,86],"product_tag":[],"class_list":{"0":"post-2071","1":"product","2":"type-product","3":"status-publish","4":"has-post-thumbnail","6":"product_cat-kuca","7":"product_cat-susilice","9":"first","10":"instock","11":"product-type-simple"},"_links":{"self":[{"href":"https:\/\/texell.rs\/sl\/wp-json\/wp\/v2\/product\/2071","targetHints":{"allow":["GET"]}}],"collection":[{"href":"https:\/\/texell.rs\/sl\/wp-json\/wp\/v2\/product"}],"about":[{"href":"https:\/\/texell.rs\/sl\/wp-json\/wp\/v2\/types\/product"}],"wp:featuredmedia":[{"embeddable":true,"href":"https:\/\/texell.rs\/sl\/wp-json\/wp\/v2\/media\/3759"}],"wp:attachment":[{"href":"https:\/\/texell.rs\/sl\/wp-json\/wp\/v2\/media?parent=2071"}],"wp:term":[{"taxonomy":"product_brand","embeddable":true,"href":"https:\/\/texell.rs\/sl\/wp-json\/wp\/v2\/product_brand?post=2071"},{"taxonomy":"product_cat","embeddable":true,"href":"https:\/\/texell.rs\/sl\/wp-json\/wp\/v2\/product_cat?post=2071"},{"taxonomy":"product_tag","embeddable":true,"href":"https:\/\/texell.rs\/sl\/wp-json\/wp\/v2\/product_tag?post=2071"}],"curies":[{"name":"wp","href":"https:\/\/api.w.org\/{rel}","templated":true}]}}