{"id":2072,"date":"2022-05-04T00:18:32","date_gmt":"2022-05-03T23:18:32","guid":{"rendered":"https:\/\/texell.rs\/proizvod\/susilica-za-ves-texell-balcony-tcd-b167-10m\/"},"modified":"2024-09-09T09:34:01","modified_gmt":"2024-09-09T08:34:01","slug":"susilica-za-ves-texell-balcony-tcd-b167-10m","status":"publish","type":"product","link":"https:\/\/texell.rs\/sl\/proizvod\/susilica-za-ves-texell-balcony-tcd-b167-10m\/","title":{"rendered":"Stojalo za su\u0161enje perila Texell Balcony TCD-B167 10 m"},"content":{"rendered":"<p>\u2022 Dimenzije zlo\u017eenega stojala: 107*55x4 cm<br \/>\n\u2022 Dimenzije otvorenog proizvoda: 110*56.5&#215;19.5cm<br \/>\n\u2022 Su\u0161ilna povr\u0161ina: 10 m<\/p>","protected":false},"excerpt":{"rendered":"<p>\u2022 Dimenzije zapakovanog proizvoda: 107*55x4cm \u2022 Dimenzije otvorenog proizvoda: 110*56.5&#215;19.5cm \u2022 Du\u017eina \u017eice za su\u0161enje: 10m<\/p>","protected":false},"featured_media":3762,"template":"","meta":[],"product_brand":[],"product_cat":[82,86],"product_tag":[],"class_list":{"0":"post-2072","1":"product","2":"type-product","3":"status-publish","4":"has-post-thumbnail","6":"product_cat-kuca","7":"product_cat-susilice","9":"first","10":"instock","11":"product-type-simple"},"_links":{"self":[{"href":"https:\/\/texell.rs\/sl\/wp-json\/wp\/v2\/product\/2072","targetHints":{"allow":["GET"]}}],"collection":[{"href":"https:\/\/texell.rs\/sl\/wp-json\/wp\/v2\/product"}],"about":[{"href":"https:\/\/texell.rs\/sl\/wp-json\/wp\/v2\/types\/product"}],"wp:featuredmedia":[{"embeddable":true,"href":"https:\/\/texell.rs\/sl\/wp-json\/wp\/v2\/media\/3762"}],"wp:attachment":[{"href":"https:\/\/texell.rs\/sl\/wp-json\/wp\/v2\/media?parent=2072"}],"wp:term":[{"taxonomy":"product_brand","embeddable":true,"href":"https:\/\/texell.rs\/sl\/wp-json\/wp\/v2\/product_brand?post=2072"},{"taxonomy":"product_cat","embeddable":true,"href":"https:\/\/texell.rs\/sl\/wp-json\/wp\/v2\/product_cat?post=2072"},{"taxonomy":"product_tag","embeddable":true,"href":"https:\/\/texell.rs\/sl\/wp-json\/wp\/v2\/product_tag?post=2072"}],"curies":[{"name":"wp","href":"https:\/\/api.w.org\/{rel}","templated":true}]}}