{"id":2523,"date":"2022-05-26T12:44:49","date_gmt":"2022-05-26T11:44:49","guid":{"rendered":"https:\/\/texell.rs\/proizvod\/spatula-za-przenje-plasticna-texell-tkp-s149-2\/"},"modified":"2022-05-30T23:25:47","modified_gmt":"2022-05-30T22:25:47","slug":"spatula-za-przenje-plasticna-texell-tkp-s149-2","status":"publish","type":"product","link":"https:\/\/texell.rs\/sl\/proizvod\/spatula-za-przenje-plasticna-texell-tkp-s149-2\/","title":{"rendered":"\u0160patula za pra\u017eenje plasti\u010dna Texell TKP-S149 33,5 cm"},"content":{"rendered":"<p>\u2022 Dol\u017eina: 33,5 cm<br \/>\n\u2022 Soft touch ro\u010daj<br \/>\n\u2022 Funkcionalni del: termootporna plastika<\/p>","protected":false},"excerpt":{"rendered":"<p>\u2022 Du\u017eina: 33,5 cm \u2022 Soft touch dr\u0161ka \u2022 Funkcionalni deo : termootporna plastika<\/p>","protected":false},"featured_media":1196,"template":"","meta":[],"product_brand":[],"product_cat":[58,21,57,22],"product_tag":[],"class_list":{"0":"post-2523","1":"product","2":"type-product","3":"status-publish","4":"has-post-thumbnail","6":"product_cat-design-edition","7":"product_cat-kuhinja","8":"product_cat-kuhinjske-alatke","9":"product_cat-kuhinjski-pribor","11":"first","12":"instock","13":"product-type-simple"},"_links":{"self":[{"href":"https:\/\/texell.rs\/sl\/wp-json\/wp\/v2\/product\/2523","targetHints":{"allow":["GET"]}}],"collection":[{"href":"https:\/\/texell.rs\/sl\/wp-json\/wp\/v2\/product"}],"about":[{"href":"https:\/\/texell.rs\/sl\/wp-json\/wp\/v2\/types\/product"}],"wp:featuredmedia":[{"embeddable":true,"href":"https:\/\/texell.rs\/sl\/wp-json\/wp\/v2\/media\/1196"}],"wp:attachment":[{"href":"https:\/\/texell.rs\/sl\/wp-json\/wp\/v2\/media?parent=2523"}],"wp:term":[{"taxonomy":"product_brand","embeddable":true,"href":"https:\/\/texell.rs\/sl\/wp-json\/wp\/v2\/product_brand?post=2523"},{"taxonomy":"product_cat","embeddable":true,"href":"https:\/\/texell.rs\/sl\/wp-json\/wp\/v2\/product_cat?post=2523"},{"taxonomy":"product_tag","embeddable":true,"href":"https:\/\/texell.rs\/sl\/wp-json\/wp\/v2\/product_tag?post=2523"}],"curies":[{"name":"wp","href":"https:\/\/api.w.org\/{rel}","templated":true}]}}