{"id":2534,"date":"2022-05-26T12:44:49","date_gmt":"2022-05-26T11:44:49","guid":{"rendered":"https:\/\/texell.rs\/proizvod\/secko-za-zacinsko-bilje-texell-tkp-sz157-2\/"},"modified":"2022-05-30T23:20:42","modified_gmt":"2022-05-30T22:20:42","slug":"secko-za-zacinsko-bilje-texell-tkp-sz157-2","status":"publish","type":"product","link":"https:\/\/texell.rs\/sl\/proizvod\/secko-za-zacinsko-bilje-texell-tkp-sz157-2\/","title":{"rendered":"Sekljalnik za za\u010dimbe Texell TKP-SZ157"},"content":{"rendered":"<p>\u2022 Soft touch ro\u010daj<br \/>\n\u2022 Funkcionalni del: nerjavno jeklo in ABS plastika<\/p>","protected":false},"excerpt":{"rendered":"<p>\u2022 Soft touch dr\u0161ka \u2022 Funkcionalni deo: ner\u0111aju\u0107i \u010delik i ABS plastika<\/p>","protected":false},"featured_media":1145,"template":"","meta":[],"product_brand":[],"product_cat":[58,21,57,22],"product_tag":[],"class_list":{"0":"post-2534","1":"product","2":"type-product","3":"status-publish","4":"has-post-thumbnail","6":"product_cat-design-edition","7":"product_cat-kuhinja","8":"product_cat-kuhinjske-alatke","9":"product_cat-kuhinjski-pribor","11":"first","12":"instock","13":"product-type-simple"},"_links":{"self":[{"href":"https:\/\/texell.rs\/sl\/wp-json\/wp\/v2\/product\/2534","targetHints":{"allow":["GET"]}}],"collection":[{"href":"https:\/\/texell.rs\/sl\/wp-json\/wp\/v2\/product"}],"about":[{"href":"https:\/\/texell.rs\/sl\/wp-json\/wp\/v2\/types\/product"}],"wp:featuredmedia":[{"embeddable":true,"href":"https:\/\/texell.rs\/sl\/wp-json\/wp\/v2\/media\/1145"}],"wp:attachment":[{"href":"https:\/\/texell.rs\/sl\/wp-json\/wp\/v2\/media?parent=2534"}],"wp:term":[{"taxonomy":"product_brand","embeddable":true,"href":"https:\/\/texell.rs\/sl\/wp-json\/wp\/v2\/product_brand?post=2534"},{"taxonomy":"product_cat","embeddable":true,"href":"https:\/\/texell.rs\/sl\/wp-json\/wp\/v2\/product_cat?post=2534"},{"taxonomy":"product_tag","embeddable":true,"href":"https:\/\/texell.rs\/sl\/wp-json\/wp\/v2\/product_tag?post=2534"}],"curies":[{"name":"wp","href":"https:\/\/api.w.org\/{rel}","templated":true}]}}