{"id":3593,"date":"2022-11-22T01:06:31","date_gmt":"2022-11-22T00:06:31","guid":{"rendered":"https:\/\/texell.rs\/proizvod\/noz-za-ljustenje-black-line-texell-tnb-l364\/"},"modified":"2022-11-22T01:06:34","modified_gmt":"2022-11-22T00:06:34","slug":"noz-za-ljustenje-black-line-texell-tnb-l364","status":"publish","type":"product","link":"https:\/\/texell.rs\/sl\/proizvod\/noz-za-ljustenje-black-line-texell-tnb-l364\/","title":{"rendered":"No\u017e za lju\u0161tenje Black Line Texell TNB-L364"},"content":{"rendered":"<p>\u2022 Du\u017eina se\u010diva: 9 cm<br \/>\n\u2022 Rezilo iz nerjavnega jekla<\/p>","protected":false},"excerpt":{"rendered":"<p>\u2022 Du\u017eina se\u010diva: 9 cm \u2022 Se\u010divo od ner\u0111aju\u0107eg \u010delika<\/p>","protected":false},"featured_media":3528,"template":"","meta":[],"product_brand":[],"product_cat":[107,21,22,62],"product_tag":[],"class_list":{"0":"post-3593","1":"product","2":"type-product","3":"status-publish","4":"has-post-thumbnail","6":"product_cat-black-line-nozevi-i-ostraci","7":"product_cat-kuhinja","8":"product_cat-kuhinjski-pribor","9":"product_cat-nozevi-i-ostraci","11":"first","12":"instock","13":"product-type-simple"},"_links":{"self":[{"href":"https:\/\/texell.rs\/sl\/wp-json\/wp\/v2\/product\/3593","targetHints":{"allow":["GET"]}}],"collection":[{"href":"https:\/\/texell.rs\/sl\/wp-json\/wp\/v2\/product"}],"about":[{"href":"https:\/\/texell.rs\/sl\/wp-json\/wp\/v2\/types\/product"}],"wp:featuredmedia":[{"embeddable":true,"href":"https:\/\/texell.rs\/sl\/wp-json\/wp\/v2\/media\/3528"}],"wp:attachment":[{"href":"https:\/\/texell.rs\/sl\/wp-json\/wp\/v2\/media?parent=3593"}],"wp:term":[{"taxonomy":"product_brand","embeddable":true,"href":"https:\/\/texell.rs\/sl\/wp-json\/wp\/v2\/product_brand?post=3593"},{"taxonomy":"product_cat","embeddable":true,"href":"https:\/\/texell.rs\/sl\/wp-json\/wp\/v2\/product_cat?post=3593"},{"taxonomy":"product_tag","embeddable":true,"href":"https:\/\/texell.rs\/sl\/wp-json\/wp\/v2\/product_tag?post=3593"}],"curies":[{"name":"wp","href":"https:\/\/api.w.org\/{rel}","templated":true}]}}