{"id":3698,"date":"2024-08-29T12:21:43","date_gmt":"2024-08-29T11:21:43","guid":{"rendered":"https:\/\/texell.rs\/proizvod\/flasica-za-vodu-lifestyle-1000ml-multikolor-texell-tsb-mc413\/"},"modified":"2024-09-02T11:19:11","modified_gmt":"2024-09-02T10:19:11","slug":"flasica-za-vodu-lifestyle-1000ml-multikolor-texell-tsb-mc413","status":"publish","type":"product","link":"https:\/\/texell.rs\/sl\/proizvod\/flasica-za-vodu-lifestyle-1000ml-multikolor-texell-tsb-mc413\/","title":{"rendered":"Fla\u0161ica za vodu Lifestyle 1000ml multikolor Texell TSB-MC413"},"content":{"rendered":"<p>\u2022 Zapremina: 1000ml<br \/>\n\u2022 Pre\u010dnik: 7,8cm<br \/>\n\u2022 Visina: 28,7cm<br \/>\n\u2022 Te\u017eina: 175g<br \/>\n\u2022 Materijal: Tritan plastika<br \/>\n\u2022 100% BPA Free<br \/>\n\u2022 Temperatura: -10~90\u2103<br \/>\n\u2022 Boja: Multikolor<br \/>\n\u2022 Dodatak: infuser<br \/>\n\u2022 Poklopac sa sistemom zatvaranja i inovativnom dr\u0161kom za lak\u0161e no\u0161enje<\/p>","protected":false},"excerpt":{"rendered":"<p>\u2022 Zapremina: 1000ml \u2022 Pre\u010dnik: 7,8cm \u2022 Visina: 28,7cm \u2022 Te\u017eina: 175g \u2022 Materijal: Tritan plastika \u2022 100% BPA Free \u2022 Temperatura: -10~90\u2103 \u2022 Boja: Multikolor \u2022 Dodatak: infuser \u2022 Poklopac sa sistemom zatvaranja i inovativnom dr\u0161kom za lak\u0161e no\u0161enje<\/p>","protected":false},"featured_media":3727,"template":"","meta":[],"product_brand":[],"product_cat":[108,96],"product_tag":[],"class_list":{"0":"post-3698","1":"product","2":"type-product","3":"status-publish","4":"has-post-thumbnail","6":"product_cat-flasice-za-vodu","7":"product_cat-lifestyle","9":"first","10":"instock","11":"product-type-simple"},"_links":{"self":[{"href":"https:\/\/texell.rs\/sl\/wp-json\/wp\/v2\/product\/3698","targetHints":{"allow":["GET"]}}],"collection":[{"href":"https:\/\/texell.rs\/sl\/wp-json\/wp\/v2\/product"}],"about":[{"href":"https:\/\/texell.rs\/sl\/wp-json\/wp\/v2\/types\/product"}],"wp:featuredmedia":[{"embeddable":true,"href":"https:\/\/texell.rs\/sl\/wp-json\/wp\/v2\/media\/3727"}],"wp:attachment":[{"href":"https:\/\/texell.rs\/sl\/wp-json\/wp\/v2\/media?parent=3698"}],"wp:term":[{"taxonomy":"product_brand","embeddable":true,"href":"https:\/\/texell.rs\/sl\/wp-json\/wp\/v2\/product_brand?post=3698"},{"taxonomy":"product_cat","embeddable":true,"href":"https:\/\/texell.rs\/sl\/wp-json\/wp\/v2\/product_cat?post=3698"},{"taxonomy":"product_tag","embeddable":true,"href":"https:\/\/texell.rs\/sl\/wp-json\/wp\/v2\/product_tag?post=3698"}],"curies":[{"name":"wp","href":"https:\/\/api.w.org\/{rel}","templated":true}]}}