{"id":3764,"date":"2024-09-09T09:41:15","date_gmt":"2024-09-09T08:41:15","guid":{"rendered":"https:\/\/texell.rs\/?post_type=product&#038;p=3764"},"modified":"2024-09-09T09:42:46","modified_gmt":"2024-09-09T08:42:46","slug":"susilica-za-ves-18m-black-balance-texell-0503bs","status":"publish","type":"product","link":"https:\/\/texell.rs\/sl\/proizvod\/susilica-za-ves-18m-black-balance-texell-0503bs\/","title":{"rendered":"Su\u0161ilica za ve\u0161 18m Black Balance Texell 0503BS"},"content":{"rendered":"<p>\u2022 \u00d8 16mm<br \/>\n\u2022 Dimenzije otvorenog proizvoda: 182*55*93cm<br \/>\n\u2022 Su\u0161ilna povr\u0161ina: 18 m<br \/>\n\u2022 Materijal: \u010celik<br \/>\n\u2022 Maksimalna nosivost: 18kg<br \/>\n\u2022 Te\u017eina: 2,4kg<br \/>\n\u2022 Boja: Crna<\/p>","protected":false},"excerpt":{"rendered":"<p>\u2022 \u00d8 16mm \u2022 Dimenzije otvorenog proizvoda: 182*55*93cm \u2022 Du\u017eina \u017eice za su\u0161enje: 18m \u2022 Materijal: \u010celik \u2022 Maksimalna nosivost: 18kg \u2022 Te\u017eina: 2,4kg \u2022 Boja: Crna<\/p>","protected":false},"featured_media":3765,"template":"","meta":[],"product_brand":[],"product_cat":[82,86],"product_tag":[],"class_list":{"0":"post-3764","1":"product","2":"type-product","3":"status-publish","4":"has-post-thumbnail","6":"product_cat-kuca","7":"product_cat-susilice","9":"first","10":"instock","11":"product-type-simple"},"_links":{"self":[{"href":"https:\/\/texell.rs\/sl\/wp-json\/wp\/v2\/product\/3764","targetHints":{"allow":["GET"]}}],"collection":[{"href":"https:\/\/texell.rs\/sl\/wp-json\/wp\/v2\/product"}],"about":[{"href":"https:\/\/texell.rs\/sl\/wp-json\/wp\/v2\/types\/product"}],"wp:featuredmedia":[{"embeddable":true,"href":"https:\/\/texell.rs\/sl\/wp-json\/wp\/v2\/media\/3765"}],"wp:attachment":[{"href":"https:\/\/texell.rs\/sl\/wp-json\/wp\/v2\/media?parent=3764"}],"wp:term":[{"taxonomy":"product_brand","embeddable":true,"href":"https:\/\/texell.rs\/sl\/wp-json\/wp\/v2\/product_brand?post=3764"},{"taxonomy":"product_cat","embeddable":true,"href":"https:\/\/texell.rs\/sl\/wp-json\/wp\/v2\/product_cat?post=3764"},{"taxonomy":"product_tag","embeddable":true,"href":"https:\/\/texell.rs\/sl\/wp-json\/wp\/v2\/product_tag?post=3764"}],"curies":[{"name":"wp","href":"https:\/\/api.w.org\/{rel}","templated":true}]}}