{"id":854,"date":"2022-03-06T14:05:53","date_gmt":"2022-03-06T13:05:53","guid":{"rendered":"https:\/\/texell.rs\/proizvod\/termo-solja-texell-lifestyle-plava-ttm-b303\/"},"modified":"2024-08-28T12:37:26","modified_gmt":"2024-08-28T11:37:26","slug":"termo-solja-texell-lifestyle-plava-ttm-b303","status":"publish","type":"product","link":"https:\/\/texell.rs\/sl\/proizvod\/termo-solja-texell-lifestyle-plava-ttm-b303\/","title":{"rendered":"Termo lon\u010dek Texell Lifestyle modra TTM-B303"},"content":{"rendered":"<p>\u2022 Prostornina: 350 ml<br \/>\n\u2022 Dimenzije: 20 x 6,7 cm;<br \/>\n\u2022 Materijal: Nerjavno jeklo, silikon, PP<br \/>\n\u2022 Dvojna stena vakum<br \/>\n\u2022 Ohranja teko\u010dino toplo do 6h, hladno do 12h<\/p>","protected":false},"excerpt":{"rendered":"<p>\u2022 Zapremina: 350 ml \u2022 Dimenzije: 20 x 6,7 cm; \u2022 Materijal: Ner\u0111aju\u0107i \u010delik, silikon, PP \u2022 Dupli zid ispunjen vakuumom \u2022 Odr\u017eava te\u010dnost toplom do 6h, hladnom do 12h<\/p>","protected":false},"featured_media":3207,"template":"","meta":[],"product_brand":[],"product_cat":[96,109],"product_tag":[],"class_list":{"0":"post-854","1":"product","2":"type-product","3":"status-publish","4":"has-post-thumbnail","6":"product_cat-lifestyle","7":"product_cat-termo-solje","9":"first","10":"instock","11":"product-type-simple"},"_links":{"self":[{"href":"https:\/\/texell.rs\/sl\/wp-json\/wp\/v2\/product\/854","targetHints":{"allow":["GET"]}}],"collection":[{"href":"https:\/\/texell.rs\/sl\/wp-json\/wp\/v2\/product"}],"about":[{"href":"https:\/\/texell.rs\/sl\/wp-json\/wp\/v2\/types\/product"}],"wp:featuredmedia":[{"embeddable":true,"href":"https:\/\/texell.rs\/sl\/wp-json\/wp\/v2\/media\/3207"}],"wp:attachment":[{"href":"https:\/\/texell.rs\/sl\/wp-json\/wp\/v2\/media?parent=854"}],"wp:term":[{"taxonomy":"product_brand","embeddable":true,"href":"https:\/\/texell.rs\/sl\/wp-json\/wp\/v2\/product_brand?post=854"},{"taxonomy":"product_cat","embeddable":true,"href":"https:\/\/texell.rs\/sl\/wp-json\/wp\/v2\/product_cat?post=854"},{"taxonomy":"product_tag","embeddable":true,"href":"https:\/\/texell.rs\/sl\/wp-json\/wp\/v2\/product_tag?post=854"}],"curies":[{"name":"wp","href":"https:\/\/api.w.org\/{rel}","templated":true}]}}