{"id":857,"date":"2022-03-06T14:05:53","date_gmt":"2022-03-06T13:05:53","guid":{"rendered":"https:\/\/texell.rs\/proizvod\/termo-flasica-texell-plava-ttb-b314\/"},"modified":"2024-08-28T12:35:28","modified_gmt":"2024-08-28T11:35:28","slug":"termo-flasica-texell-plava-ttb-b314","status":"publish","type":"product","link":"https:\/\/texell.rs\/sl\/proizvod\/termo-flasica-texell-plava-ttb-b314\/","title":{"rendered":"Termo stekleni\u010dka Texell modra TTB-B314"},"content":{"rendered":"<p>\u2022 Prostornina: 500 ml<br \/>\n\u2022 Dimenzije: 25,8 x 7 cm<br \/>\n\u2022 Materijal: Nerjavno jeklo<br \/>\n\u2022 Dvojna stena vakum<br \/>\n\u2022 Ohranja teko\u010dino toplo do 6h, hladno do 12h<\/p>","protected":false},"excerpt":{"rendered":"<p>\u2022 Zapremina: 500 ml \u2022 Dimenzije: 25,8 x 7 cm \u2022 Materijal: Ner\u0111aju\u0107i \u010delik \u2022 Dupli zid ispunjen vakumom \u2022 Odr\u017eava te\u010dnost toplom do 12h, hladnom do 24h<\/p>","protected":false},"featured_media":3204,"template":"","meta":[],"product_brand":[],"product_cat":[96,110],"product_tag":[],"class_list":{"0":"post-857","1":"product","2":"type-product","3":"status-publish","4":"has-post-thumbnail","6":"product_cat-lifestyle","7":"product_cat-termo-flasice","9":"first","10":"instock","11":"product-type-simple"},"_links":{"self":[{"href":"https:\/\/texell.rs\/sl\/wp-json\/wp\/v2\/product\/857","targetHints":{"allow":["GET"]}}],"collection":[{"href":"https:\/\/texell.rs\/sl\/wp-json\/wp\/v2\/product"}],"about":[{"href":"https:\/\/texell.rs\/sl\/wp-json\/wp\/v2\/types\/product"}],"wp:featuredmedia":[{"embeddable":true,"href":"https:\/\/texell.rs\/sl\/wp-json\/wp\/v2\/media\/3204"}],"wp:attachment":[{"href":"https:\/\/texell.rs\/sl\/wp-json\/wp\/v2\/media?parent=857"}],"wp:term":[{"taxonomy":"product_brand","embeddable":true,"href":"https:\/\/texell.rs\/sl\/wp-json\/wp\/v2\/product_brand?post=857"},{"taxonomy":"product_cat","embeddable":true,"href":"https:\/\/texell.rs\/sl\/wp-json\/wp\/v2\/product_cat?post=857"},{"taxonomy":"product_tag","embeddable":true,"href":"https:\/\/texell.rs\/sl\/wp-json\/wp\/v2\/product_tag?post=857"}],"curies":[{"name":"wp","href":"https:\/\/api.w.org\/{rel}","templated":true}]}}