{"id":867,"date":"2022-03-06T14:05:53","date_gmt":"2022-03-06T13:05:53","guid":{"rendered":"https:\/\/texell.rs\/proizvod\/posuda-inox-u-boji-tipm-b171-15cm\/"},"modified":"2022-07-21T00:37:26","modified_gmt":"2022-07-20T23:37:26","slug":"posuda-inox-u-boji-tipm-b171-15cm","status":"publish","type":"product","link":"https:\/\/texell.rs\/sl\/proizvod\/posuda-inox-u-boji-tipm-b171-15cm\/","title":{"rendered":"Skleda inox barvna TIPM-B171 15 cm"},"content":{"rendered":"<p>\u2022 \u0160irina posode 15,3 cm<br \/>\n\u2022 Vi\u0161ina posode 8,3 cm<br \/>\n\u2022 Debelina materijala 0,5 mm<br \/>\n\u2022 Materijal: Nerjavno jeklo<\/p>","protected":false},"excerpt":{"rendered":"<p>\u2022 \u0160irina posude 15,3 cm \u2022 Visina posude 8,3 cm \u2022 Debljina materijala 0,5mm \u2022 Materijal: Ner\u0111aju\u0107i \u010delik<\/p>","protected":false},"featured_media":3228,"template":"","meta":[],"product_brand":[],"product_cat":[54,21,22,23],"product_tag":[],"class_list":{"0":"post-867","1":"product","2":"type-product","3":"status-publish","4":"has-post-thumbnail","6":"product_cat-inox-cinije","7":"product_cat-kuhinja","8":"product_cat-kuhinjski-pribor","9":"product_cat-priprema-i-serviranje","11":"first","12":"instock","13":"product-type-simple"},"_links":{"self":[{"href":"https:\/\/texell.rs\/sl\/wp-json\/wp\/v2\/product\/867","targetHints":{"allow":["GET"]}}],"collection":[{"href":"https:\/\/texell.rs\/sl\/wp-json\/wp\/v2\/product"}],"about":[{"href":"https:\/\/texell.rs\/sl\/wp-json\/wp\/v2\/types\/product"}],"wp:featuredmedia":[{"embeddable":true,"href":"https:\/\/texell.rs\/sl\/wp-json\/wp\/v2\/media\/3228"}],"wp:attachment":[{"href":"https:\/\/texell.rs\/sl\/wp-json\/wp\/v2\/media?parent=867"}],"wp:term":[{"taxonomy":"product_brand","embeddable":true,"href":"https:\/\/texell.rs\/sl\/wp-json\/wp\/v2\/product_brand?post=867"},{"taxonomy":"product_cat","embeddable":true,"href":"https:\/\/texell.rs\/sl\/wp-json\/wp\/v2\/product_cat?post=867"},{"taxonomy":"product_tag","embeddable":true,"href":"https:\/\/texell.rs\/sl\/wp-json\/wp\/v2\/product_tag?post=867"}],"curies":[{"name":"wp","href":"https:\/\/api.w.org\/{rel}","templated":true}]}}